{"id":738,"date":"2013-04-12T18:17:32","date_gmt":"2013-04-12T16:17:32","guid":{"rendered":"http:\/\/vdgg.art.pl\/portal\/?page_id=738"},"modified":"2013-05-03T01:46:20","modified_gmt":"2013-05-02T23:46:20","slug":"11-a-grounding-in-numbers","status":"publish","type":"page","link":"https:\/\/vdgg.art.pl\/portal\/teksty\/teksty-oryginalne\/teksty-vdgg\/11-a-grounding-in-numbers\/","title":{"rendered":"11. A Grounding In Numbers"},"content":{"rendered":"<p><a name=\"1\"><\/a><br \/>\n<strong>Your time starts now<\/strong><\/p>\n<p>Your time starts now<br \/>\nwithout a question,<br \/>\nwithout a clue,<br \/>\nyour response will attest<br \/>\nto suggestion&#8217;s power, so strong<br \/>\nand growing stronger.<br \/>\nWith self-belief<br \/>\nyou&#8217;ve pulled through but you belong here no longer.<\/p>\n<p>Fly by night, it&#8217;s over; day by day it&#8217;s done.<br \/>\nWas it simply oversight that&#8217;s left you overcome?<br \/>\nWhile you&#8217;ve been distracted &#8211;<br \/>\nplayfully, no doubt &#8211;<br \/>\nyour time&#8217;s been running out.<\/p>\n<p>Your time starts now<br \/>\nand that&#8217;s the poser.<br \/>\nYou&#8217;re going to need<br \/>\nall the help you can get<br \/>\nfor the ride&#8217;s nearly over.<\/p>\n<p>All that information,<br \/>\nall that warp and weft&#8230;<br \/>\nfor all your patient fortitude you&#8217;re patently bereft<br \/>\nof clue, of hint, of notion,<br \/>\nof answers, even vague.<br \/>\nYou&#8217;re ploughing forward nonetheless<br \/>\nas though by simple doggedness<br \/>\nthe far side&#8217;ll see you saved.<\/p>\n<p>Your time starts now<br \/>\nand yes, you&#8217;d best begin it,<br \/>\nhowever long<br \/>\nyou&#8217;ve held back,<br \/>\nyou&#8217;ve demurred,<br \/>\nget on track, pace by pace,<br \/>\njust go on,<br \/>\njust go further&#8230;<\/p>\n<p><a name=\"2\"><\/a><\/p>\n<p><strong>Mathematics<\/strong><\/p>\n<p>Here be numbers transcendental,<br \/>\non an imaginary axis spun,<br \/>\ndecimal places without limit<br \/>\nand zero and one.<\/p>\n<p>Mathematics,<br \/>\nsimply pure beyond belief.<\/p>\n<p>e to the power of i times pi plus one is zero<br \/>\ne to the power of i times pi plus one is zero<br \/>\ne to the power of i times pi is minus one<br \/>\ne to the power of i times pi is minus one<\/p>\n<p>A single function, exponential,<br \/>\njust one addition must be done&#8230;<br \/>\nmultiplication in completion<br \/>\nof zero, of one.<\/p>\n<p>Mathematics,<br \/>\njust so &#8222;wow&#8221; it brooks belief.<\/p>\n<p>(You&#8217;d better believe, you&#8217;d better believe it.)<\/p>\n<p><a name=\"3\"><\/a><\/p>\n<p><strong>Highly Strung<\/strong><\/p>\n<p>The beat, the beat at my temples;<br \/>\nmy pulse, my pulse in a rush.<br \/>\nI&#8217;m feeling increasingly mental,<br \/>\nlegs shaking , my face flushed.<\/p>\n<p>The lights so bright in a dazzle,<br \/>\nthe pumping that thumps at my chest.<br \/>\nI&#8217;m feeling increasingly frazzled,<br \/>\nneed some comfort, need some bedrest<br \/>\nor some kind of intervention,<br \/>\ncold sweat beading up on my brow,<br \/>\nthe hairs on my neck at attention.<br \/>\nI don&#8217;t know why but somehow<\/p>\n<p>I&#8217;m highly strung, I&#8217;m stressed as hell,<br \/>\nI bite my tongue, I hold my breath as well.<br \/>\nThe iron lung, the diving bell&#8230;<br \/>\ntime to depressurise, my nerves are shot to hell.<\/p>\n<p>The beat, the heat is astounding,<br \/>\nthe pressure, the tension full-blown,<br \/>\nthe static is cracking around me.<br \/>\nI can&#8217;t hold on, I can&#8217;t let go&#8230;<\/p>\n<p>I&#8217;m highly strung, panic attack,<br \/>\ncan&#8217;t do this one, can&#8217;t go on with the act.<br \/>\nI&#8217;m frozen on the topmost rung,<br \/>\nI can&#8217;t go on, I&#8217;m just too highly strung.<\/p>\n<p>Hold her steady as she goes,<br \/>\njust be ready, on your toes,<br \/>\nhold her steady&#8230;there she blows!<\/p>\n<p>The case is shut, the song is sung,<br \/>\nthe wire&#8217;s been cut and the acrobat&#8217;s well hung.<\/p>\n<p><a name=\"4\"><\/a><\/p>\n<p><strong>Bunsho<\/strong><\/p>\n<p>I&#8217;d just done the best work<br \/>\nto fall into my hands for quite some time:<br \/>\nof night oil I&#8217;d burned much,<br \/>\nmade sure both style and content were sublime<br \/>\nSo I put it forward<br \/>\nto the public forum<br \/>\nin anticipation of my due acclaim.<\/p>\n<p>And meanwhile, by contrast,<br \/>\nI&#8217;d penned a eulogy, pure workaday,<br \/>\njust hack work, just dashed off,<br \/>\npacked full of prolix puff and sad cliche&#8230;.<br \/>\nNo-one can really tell<br \/>\nwhen their hand&#8217;s been played out well<br \/>\nand I don&#8217;t even know<br \/>\nhow my own story goes<br \/>\nor if it&#8217;s worth a jot.<\/p>\n<p>I can&#8217;t see my stream.<\/p>\n<p>What I thought was perfect,<br \/>\nwhat I thought was polished,<br \/>\nno-one thought it worth much<br \/>\nand they made that clear.<br \/>\nWhat I thought was worthless,<br \/>\nmerely repetition<br \/>\nsomehow tugged the heartstrings,<br \/>\nbrought them all to tears.<\/p>\n<p>I can&#8217;t see my stream.<\/p>\n<p>No-one can ever know<br \/>\nwhat of their own&#8217;s their very best.<\/p>\n<p><a name=\"5\"><\/a><\/p>\n<p><strong>Snake Oil<\/strong><\/p>\n<p>Best of intentions, fresh-faced devotees display,<br \/>\nsat at the feet of the master,<br \/>\nhoping that this is the one true way.<br \/>\nEager awareness,<br \/>\npicking the wood from the trees,<br \/>\nonly belief is important,<br \/>\nonly obedience can set them free.<\/p>\n<p>Here come the paraphernalia,<br \/>\nhere come the catch-all refrains,<br \/>\nrepeat ad infinitum.<\/p>\n<p>Slavish devotion, that&#8217;s how it usually presents,<br \/>\nin an impossibly pompous<br \/>\naddiction to doctrines that make no sense.<br \/>\nAnal retention to an astounding degree,<br \/>\nself-absorption is total,<br \/>\nmaking obedience compulsory<br \/>\nif they want to reach the inner mystery.<\/p>\n<p>Welcome to the bats in the belfry,<br \/>\nthe buzz-words echo around,<br \/>\nrepeated ad infinitum.<\/p>\n<p>Brainwashed and bound to believe in<br \/>\nthe orthodox text, slogans on t-shirts,<br \/>\nthe punters can&#8217;t wait to be told<br \/>\nwhat to think of next&#8230;<br \/>\noh, what&#8217;s coming next?<\/p>\n<p>Well, nothing is coming and nobody here goes<br \/>\nin search of the questions posterity might pose.<br \/>\nThere&#8217;s only one answer the believers can allow&#8230;<\/p>\n<p>Yes, teacher knows best, teacher knows best.<br \/>\nLet&#8217;s put the teacher to the test.<\/p>\n<p>There&#8217;s only one answer the disciples will allow out.<br \/>\nCultish convention repeated again and again<br \/>\nuntil the words have no meaning,<br \/>\nuntil the means have become the end.<\/p>\n<p>What starts with self-obsession ends up in self-denial,<br \/>\nthey just so want to believe&#8230;<br \/>\nslaves to the snake oil of this particular world,<br \/>\nelitist and self-referential,<br \/>\nthe comfort&#8217;s in sharing the secret word<br \/>\nwith the picture blurred&#8230;<br \/>\nthe companionship of the herd.<\/p>\n<p><a name=\"6\"><\/a><\/p>\n<p><strong>Embarrassing Kid<\/strong><\/p>\n<p>Embarrassing kid looks into the mirror<br \/>\nand grins like an idiot at his own face.<br \/>\nFor as long he lives he will not be delivered<br \/>\nfrom the stuff that he did, from his teenage mistakes.<\/p>\n<p>I can barely believe it<br \/>\nhow I went and let the old school down.<br \/>\nYeah, whatever can I have been thinking of?<\/p>\n<p>Embarrassing kid, I squirm at the memory,<br \/>\ntry to bang down the lid on the can of worms.<br \/>\nIt remains pretty strange and uncomfortable territory<br \/>\nwhere my secrets are hidden, however absurd.<\/p>\n<p>I can hardly conceal it,<br \/>\nhow my ashen face got drained of blood.<br \/>\nYeah, everybody can have a damn good laugh.<\/p>\n<p>Embarrassing kid, you don&#8217;t know the half of it,<br \/>\nbut I&#8217;d stake a few quid you&#8217;ve got gaffes of your own.<br \/>\nTake a look at yourself and you might have to laugh a bit&#8230;<br \/>\nbut the teeth that you grit, well at least they&#8217;re your own.<\/p>\n<p>And yes at the end of the day<br \/>\nwe get what we&#8217;ve given away,<br \/>\nyou bet: our eternal embarrassment.<\/p>\n<p><a name=\"7\"><\/a><\/p>\n<p><strong>Medusa<\/strong><\/p>\n<p>Welcome to the coils,<br \/>\nthey&#8217;re here to set you free<br \/>\nfrom anguish and dull toil.<\/p>\n<p>And she says<br \/>\n&#8222;What you see is what you get from me.&#8221;<\/p>\n<p>You&#8217;re welcome in her world,<br \/>\nit&#8217;s clear you&#8217;ll never leave,<br \/>\nshe&#8217;s a transparent kind of girl.<\/p>\n<p>And she says<br \/>\n&#8222;What you see is what you get from me.&#8221;<\/p>\n<p><a name=\"8\"><\/a><\/p>\n<p><strong>Mr. Sands<\/strong><\/p>\n<p>Soon as you like, ladies and gentlemen, please take your seats.<br \/>\nIn a moment there&#8217;ll be a test of your endurance.<br \/>\nStay in your chairs in the event of a dramatic pause<br \/>\nplease be aware nothing gets covered by insurance.<\/p>\n<p>One final thing:<br \/>\nplease take the trouble to read through your notes,<br \/>\nit&#8217;s important that you know where you&#8217;ve got to go to.<br \/>\nWait a moment, maybe the usherette&#8217;ll show you.<br \/>\nSuch excitement, these are the hoops you&#8217;ve got to go through&#8230;<\/p>\n<p>The noises off that turn you on stage whispered from the wings,<br \/>\na stifled cough, a joke that bombs, a smoldering fuse wire string.<br \/>\nWhen Mr. Sands is in the house the alarm bells start to ring.<\/p>\n<p>Everything&#8217;s in code<br \/>\nin a world we barely know<br \/>\nand the truth is only slowly revealed&#8230;<\/p>\n<p>With best intentions I have strayed far off the beaten track<br \/>\nand of attention I displayed a quite spectacular lack.<br \/>\nNow Mr. Sands is in the house and the panic button&#8217;s smacked.<\/p>\n<p>Well, Mr. Sands is in the house: commotion in the stalls<br \/>\nand, from the gods, unruly shouts that echo round the hall<br \/>\nYes, someone&#8217;s let the secret out&#8230;the safety curtain falls.<\/p>\n<p>And as I look across the stage the thought that first occurs<br \/>\nis less that we have come of age and more that we&#8217;re preserved<br \/>\nto pass our time in different shades of ignorant reserve.<\/p>\n<p>Everything&#8217;s in code<br \/>\ntill the moment it explodes<br \/>\nwe suspend belief, get ready to go<br \/>\nfor the playout of the show &#8211;<br \/>\nhere it is for all we know<br \/>\nMr Sands is always ready to roll<\/p>\n<p><a name=\"9\"><\/a><\/p>\n<p><strong>Smoke<\/strong><\/p>\n<p>Best be careful, maintain a tight grip,<br \/>\nYes, be careful and keep the mouth zipped.<br \/>\nBest be careful, there&#8217;s no smoke without fire.<\/p>\n<p>Clearly you don&#8217;t know where you&#8217;re going<br \/>\nBut the beaten track behind you runs for miles.<br \/>\nYou&#8217;ve blundered through the jungle<br \/>\nLike a hyperactive child.<\/p>\n<p>Just be careful and think the thing through,<br \/>\nYou must be careful of what you&#8217;re linked to &#8211;<br \/>\nJust be careful, there&#8217;s no smoke without fire.<\/p>\n<p>You held your inattention<br \/>\nAnd your standing&#8217;s now as suspect as can be,<br \/>\nThe charges telegraphed and tracked conspiratorially.<\/p>\n<p>Just be careful of where your mouse clicks,<br \/>\nYou must be careful because the mud sticks &#8211;<br \/>\nJust be careful, there&#8217;s no smoke without fire.<\/p>\n<p><a name=\"10\"><\/a><\/p>\n<p><strong>5533<\/strong><\/p>\n<p>You can make a matrix pattern out of almost anything<br \/>\nTracing causal imperfections in the information flow,<br \/>\nCounting out the footfall of professional identity.<br \/>\nAnd the number is&#8230;<br \/>\nFive-five-three-three-double-two-three<\/p>\n<p>As the primacy of digits ticks the boxes<br \/>\nSo the codes that they unlock begin to run<br \/>\nAnd the synapses are snapped in to attention &#8211;<br \/>\nThe observer, the observed become as one,<br \/>\nReeling out the numbers<br \/>\nThat are mapped in short-term memory,<br \/>\nSo you key them in&#8230;<\/p>\n<p>Five-five-three-three-double-two-three<\/p>\n<p>(Ten, six, four, three<br \/>\nSixteen, seven<br \/>\nTwenty-three)<\/p>\n<p>Five-five-three-three-double-two-three<\/p>\n<p><a name=\"11\"><\/a><\/p>\n<p><strong>All Over The Place<\/strong><\/p>\n<p>So, driven to distraction<br \/>\nBy witless repartee<br \/>\nAnd wittering conversation<br \/>\nOf deep banality,<br \/>\nEventually<br \/>\nHe seeks out interaction,<br \/>\nFresh eccentricity,<br \/>\nOn closer observation<br \/>\nNothing&#8217;s all that it seems to be,<br \/>\nNothing&#8217;s more than it seems to be.<\/p>\n<p>He scattered himself all over the place<br \/>\nWhile hiding behind closed doors<br \/>\nAnd day by dull day fell more off the pace &#8211;<br \/>\nA life suspended in live pause<br \/>\nHe gave of himself in fractional clues,<br \/>\nOblique synchronicities<br \/>\nBut nobody knows how alien he grew,<br \/>\nHow, drained away behind his open face,<br \/>\nHe&#8217;d lost his identity.<\/p>\n<p>Now nothing else is left behind,<br \/>\nJust the fallen side of the sky,<br \/>\nA thousand miles away from home<br \/>\nI feel the cold ghost breath fly by<br \/>\nOut of the dream.<br \/>\nNow the image blurs<br \/>\nOf how we seemed,<br \/>\nOf what we were.<\/p>\n<p><a href=\"#1\"><img decoding=\"async\" src=\"http:\/\/vdgg.art.pl\/portal\/wp-content\/uploads\/2013\/04\/do-g\u00f3ry.png\" alt=\"Przewi\u0144 stron\u0119 do g\u00f3ry\" width=\"127\" height=\"51\" class=\"alignleft size-full wp-image-1372\" \/><\/a><\/p>\n","protected":false},"excerpt":{"rendered":"<p>Your time starts now Your time starts now without a question, without a clue, your response will attest to suggestion&#8217;s power, so strong and growing stronger. With self-belief you&#8217;ve pulled through but you belong here no longer. Fly by night, &hellip; <a href=\"https:\/\/vdgg.art.pl\/portal\/teksty\/teksty-oryginalne\/teksty-vdgg\/11-a-grounding-in-numbers\/\">Czytaj dalej <span class=\"meta-nav\">&rarr;<\/span><\/a><\/p>\n","protected":false},"author":1,"featured_media":659,"parent":517,"menu_order":11,"comment_status":"closed","ping_status":"closed","template":"sidebar-page.php","meta":{"_sitemap_exclude":false,"_sitemap_priority":"","_sitemap_frequency":"","footnotes":""},"class_list":["post-738","page","type-page","status-publish","has-post-thumbnail","hentry"],"_links":{"self":[{"href":"https:\/\/vdgg.art.pl\/portal\/wp-json\/wp\/v2\/pages\/738","targetHints":{"allow":["GET"]}}],"collection":[{"href":"https:\/\/vdgg.art.pl\/portal\/wp-json\/wp\/v2\/pages"}],"about":[{"href":"https:\/\/vdgg.art.pl\/portal\/wp-json\/wp\/v2\/types\/page"}],"author":[{"embeddable":true,"href":"https:\/\/vdgg.art.pl\/portal\/wp-json\/wp\/v2\/users\/1"}],"replies":[{"embeddable":true,"href":"https:\/\/vdgg.art.pl\/portal\/wp-json\/wp\/v2\/comments?post=738"}],"version-history":[{"count":2,"href":"https:\/\/vdgg.art.pl\/portal\/wp-json\/wp\/v2\/pages\/738\/revisions"}],"predecessor-version":[{"id":1383,"href":"https:\/\/vdgg.art.pl\/portal\/wp-json\/wp\/v2\/pages\/738\/revisions\/1383"}],"up":[{"embeddable":true,"href":"https:\/\/vdgg.art.pl\/portal\/wp-json\/wp\/v2\/pages\/517"}],"wp:featuredmedia":[{"embeddable":true,"href":"https:\/\/vdgg.art.pl\/portal\/wp-json\/wp\/v2\/media\/659"}],"wp:attachment":[{"href":"https:\/\/vdgg.art.pl\/portal\/wp-json\/wp\/v2\/media?parent=738"}],"curies":[{"name":"wp","href":"https:\/\/api.w.org\/{rel}","templated":true}]}}