{"id":719,"date":"2013-04-12T16:23:41","date_gmt":"2013-04-12T14:23:41","guid":{"rendered":"http:\/\/vdgg.art.pl\/portal\/?page_id=719"},"modified":"2013-05-03T01:39:39","modified_gmt":"2013-05-02T23:39:39","slug":"7-world-record","status":"publish","type":"page","link":"https:\/\/vdgg.art.pl\/portal\/teksty\/teksty-oryginalne\/teksty-vdgg\/7-world-record\/","title":{"rendered":"7. World Record"},"content":{"rendered":"<p><a name=\"1\"><\/a><br \/>\n<strong> When She Comes<\/strong><\/p>\n<p>Slow motion in the quiet of the room;<br \/>\nso potent is the smell of her perfume<br \/>\nthat you think she&#8217;s eternal,<br \/>\nthat you think she is everything&#8230;<br \/>\nbut no-one knows what she is.<br \/>\nRepentance for all you should have said;<br \/>\nher entrance seems to raise you from the dead<br \/>\nand you think she&#8217;s really with you,<br \/>\nand you think that she&#8217;ll always stay,<br \/>\nalways ready to forgive you,<br \/>\nalways ready to grant you her mercy<br \/>\n&#8211; but in her own way.<br \/>\nWhen she comes, she&#8217;ll be a stranger;<br \/>\nstruck dumb, you&#8217;ll try to protest<br \/>\nas the drum beats out the danger&#8230;<br \/>\ntoo late, you should have noticed<br \/>\nthat the lady with the skin so white,<br \/>\nlike something out of Blake or Burne-Jones<br \/>\nalways blocked out the light<br \/>\nand shadowed all you owned.<\/p>\n<p>Still you think she&#8217;s forever,<br \/>\nyesterday and tomorrow&#8230;<br \/>\nbut no-one knows where she is.<br \/>\nStillyou swear that you can win her<br \/>\nand your prayer is that she&#8217;ll want you;<br \/>\naware, once a saint, now you&#8217;re a sinner<br \/>\nand your sins are going to haunt you<br \/>\nwhen the lady with her skin so white<br \/>\nlike something out of Edgar Allen Poe<br \/>\nholds your hand so very tight<br \/>\nand you hope that she&#8217;ll never let go.<\/p>\n<p>Easy targets, easy crosswords, easy life:<br \/>\nthese key margins leave you balanced on the knife,<br \/>\nbleeding darkly In the end it all comes down<br \/>\nto sleazy bargains.<br \/>\nThat hidden key-you tried so hard to find it,<br \/>\nall you can conceive is the effort to be worthy.<br \/>\nEven now you need tobe reminded<br \/>\nthat La Belle Dame is without mercy.<br \/>\nThe lady with her skin so white<br \/>\n&#8211; you never did quite catch her name &#8211;<br \/>\nnow she holds you in the night<br \/>\nand she&#8217;ll never let go again,<br \/>\nshe&#8217;ll never let go again.<\/p>\n<p><a name=\"2\"><\/a><\/p>\n<p><strong>A Place to Survive<\/strong><\/p>\n<p>It&#8217;s easy to say, when you&#8217;re so down,<br \/>\nthat everything&#8217;s pointless;<br \/>\nyour eyes burn, your ears howl,<br \/>\nyour limbs are disjointed.<br \/>\nBarren fields, the barren earth,<br \/>\nnever more will it flower &#8211;<br \/>\nrub your face and your hands in the dirt:<br \/>\nnow is the hour!<br \/>\nSo stand straight, looking over your shoulder,<br \/>\nwalk on, though you fear to arrive;<br \/>\ndon&#8217;t wait till you know that it&#8217;s over,<br \/>\nbe strong &#8211; it&#8217;s your place to survive.<\/p>\n<p>While the holocaust rages around you,<br \/>\nbe the eye of the storm;<br \/>\nthough the extent of disaster astounds you,<br \/>\nforearmed is forewarned.<br \/>\nYou may have passed time in happier ways,<br \/>\nbut there are other mountains to climb:<br \/>\nyou&#8217;ve never lived as you&#8217;re living today &#8211;<br \/>\nnow is the time!<br \/>\nStand straight, though your back breaks from trying,<br \/>\nwalk on &#8211; even now you must strive.<br \/>\nDon&#8217;t wait; while you&#8217;re waiting, you&#8217;re dying.<br \/>\nBe strong &#8211; it&#8217;s your place to survive.<\/p>\n<p>The universe is doubtless unfolding<br \/>\njust exactly as it should<br \/>\nand these dreams of remorse or foreboding<br \/>\nwon&#8217;t do you any good.<br \/>\nThe joy, the passion, possessions you own,<br \/>\nthe bitterness and the pain,<br \/>\nthe end of everything you&#8217;ve ever known:<br \/>\nall these are ordained.<\/p>\n<p>Stand straight looking into the future,<br \/>\nwalk on&#8211;we&#8217;ve each got our own lives.<br \/>\nDon&#8217;t wait for a guru or tutor,<br \/>\nbe strong&#8211;it&#8217;s your place to survive.<br \/>\nStand straight, looking over your shoulder,<br \/>\nwalk on: though it hurts, you&#8217;re alive.<br \/>\nDon&#8217;t wait &#8211; if you wait it&#8217;s all over;<br \/>\nbe strong &#8211; it&#8217;s your right to survive.<\/p>\n<p><a name=\"3\"><\/a><\/p>\n<p><strong>Masks<\/strong><\/p>\n<p>He&#8217;s a man of the past and one of the present,<br \/>\na man who hides behind a mask behind a mask;<br \/>\na clown, a fool, believing it cool to be down<br \/>\nor that the game is all about who laughs the last.<\/p>\n<p>So he tells all his problems to his friends<br \/>\nand relations, exposes his neuroses to their view.<br \/>\nThey accept as fact<br \/>\nevery masochistic mumble of his act;<br \/>\nhow could they know what was false<br \/>\nand what was true?<\/p>\n<p>Sometimes when he wakes<br \/>\nhe feels he&#8217;s walked into a dream<br \/>\nbut all it takes<br \/>\nto remind him things are what they seem<br \/>\nis the belief<br \/>\nthat the man behind the mask can really dance<br \/>\nPirouetting smile<br \/>\nhe sees himself cavorting,<br \/>\nPierrot for a while<br \/>\nbefore aborting<br \/>\nto find relief<br \/>\nin the shelter of the dark, most telling mask.<\/p>\n<p>After all the pantomimes are ended<br \/>\nhe peels all the make-up off his face<br \/>\nto reveal, beneath,<br \/>\nthe tears running all down his cheeks:<br \/>\nalne, he opens to the world&#8230;<br \/>\nbut it&#8217;s much too late.<br \/>\nHe&#8217;s been left, in the end, without a face.<\/p>\n<p><a name=\"4\"><\/a><\/p>\n<p><strong>Meurglys III, The Songwriter&#8217;s Guild<\/strong><\/p>\n<p>These days I mainly just talk to plants and dogs &#8211;<br \/>\nall human contact seems painful, risky, odd;<br \/>\nso I stay acting god in my own universe<br \/>\nwhere I trade cigarettes in return for songs.<br \/>\nThe deal&#8217;s made harder the longer I go on:<br \/>\nI find me gone from all but secret languages.<\/p>\n<p>If only I could phrase satisfactory words<br \/>\nin conversation, to make my passion heard&#8230;<br \/>\nIf only&#8230;<\/p>\n<p>Meurglys III, he&#8217;s my friend,<br \/>\nthe only one that I can trust<br \/>\nto let it be without pretence<br \/>\n&#8211; there&#8217;s no-one else.<br \/>\nIt&#8217;s killing me, but in the end<br \/>\nthere&#8217;s no-one else I know is true,<br \/>\nthere&#8217;s none in all the masks of men,<br \/>\nthere&#8217;s nothing else<br \/>\nbut my guitar&#8230;<br \/>\nI suppose he&#8217;ll have to do.<\/p>\n<p>Talking in tongues is easy when you know how,<br \/>\nquite pleasing, but still nothing works out right.<br \/>\nPressurised lungs, heart bleeding,<br \/>\nyou&#8217;d better slow down<br \/>\nand show that you can make it through the night.<br \/>\nHowever dark it seems,<br \/>\nthe present is just the present,<br \/>\nbeyond it no further darness lies concealed<br \/>\nand through these desperate dreams,<br \/>\nthis longing for friends and comfort,<br \/>\nyou know that in the end all will be revealed.<br \/>\nWhen no more plants or dogs<br \/>\nor rooms are there to hear you,<br \/>\nand no-one is left near you, then you&#8217;ll see:<br \/>\nin the end there&#8217;s only you and Meurglys III,<br \/>\nand this is just what you chose to be,<br \/>\nfool!<\/p>\n<p>Though I know all this is just escape,<br \/>\nI run because I don&#8217;t know where the prison lies.<br \/>\nIn songs like this I can bear the weight&#8230;<br \/>\nI&#8217;m running still,<br \/>\nI shall until,<br \/>\none day, I hope that I&#8217;ll arrive.<\/p>\n<p><a name=\"5\"><\/a><\/p>\n<p><strong>Wondering<\/strong><\/p>\n<p>I will arise:<br \/>\nin the depths, I will open my eyes;<br \/>\nas my breath almost fails me, survive.<\/p>\n<p>Wait &#8211; there&#8217;s something unclear,<br \/>\nthere&#8217;s soemthing I fear now drawing close.<br \/>\nCould it be you? Whose is that voice?<br \/>\nIs it now time to make a chice?<br \/>\nAh &#8211; that irrational pain!<br \/>\nThis ridiculous brain now bursts with joy.<br \/>\nCould it be me? Could it be now?<br \/>\nShould I begin to take my vows?<\/p>\n<p>I will return:<br \/>\nas I live, as I breathe, as I burn<br \/>\nI swear I will come through,<br \/>\nwith my hands stretching out in the dark,<br \/>\nwith my eye pressed up tight to the glass,<br \/>\nwondering if it&#8217;s all been true.<\/p>\n<p>All lyrics by Peter Hammill<\/p>\n<p><a href=\"#1\"><img decoding=\"async\" src=\"http:\/\/vdgg.art.pl\/portal\/wp-content\/uploads\/2013\/04\/do-g\u00f3ry.png\" alt=\"Przewi\u0144 stron\u0119 do g\u00f3ry\" width=\"127\" height=\"51\" class=\"alignleft size-full wp-image-1372\" \/><\/a><\/p>\n","protected":false},"excerpt":{"rendered":"<p>When She Comes Slow motion in the quiet of the room; so potent is the smell of her perfume that you think she&#8217;s eternal, that you think she is everything&#8230; but no-one knows what she is. Repentance for all you &hellip; <a href=\"https:\/\/vdgg.art.pl\/portal\/teksty\/teksty-oryginalne\/teksty-vdgg\/7-world-record\/\">Czytaj dalej <span class=\"meta-nav\">&rarr;<\/span><\/a><\/p>\n","protected":false},"author":1,"featured_media":659,"parent":517,"menu_order":7,"comment_status":"closed","ping_status":"closed","template":"sidebar-page.php","meta":{"_sitemap_exclude":false,"_sitemap_priority":"","_sitemap_frequency":"","footnotes":""},"class_list":["post-719","page","type-page","status-publish","has-post-thumbnail","hentry"],"_links":{"self":[{"href":"https:\/\/vdgg.art.pl\/portal\/wp-json\/wp\/v2\/pages\/719","targetHints":{"allow":["GET"]}}],"collection":[{"href":"https:\/\/vdgg.art.pl\/portal\/wp-json\/wp\/v2\/pages"}],"about":[{"href":"https:\/\/vdgg.art.pl\/portal\/wp-json\/wp\/v2\/types\/page"}],"author":[{"embeddable":true,"href":"https:\/\/vdgg.art.pl\/portal\/wp-json\/wp\/v2\/users\/1"}],"replies":[{"embeddable":true,"href":"https:\/\/vdgg.art.pl\/portal\/wp-json\/wp\/v2\/comments?post=719"}],"version-history":[{"count":3,"href":"https:\/\/vdgg.art.pl\/portal\/wp-json\/wp\/v2\/pages\/719\/revisions"}],"predecessor-version":[{"id":721,"href":"https:\/\/vdgg.art.pl\/portal\/wp-json\/wp\/v2\/pages\/719\/revisions\/721"}],"up":[{"embeddable":true,"href":"https:\/\/vdgg.art.pl\/portal\/wp-json\/wp\/v2\/pages\/517"}],"wp:featuredmedia":[{"embeddable":true,"href":"https:\/\/vdgg.art.pl\/portal\/wp-json\/wp\/v2\/media\/659"}],"wp:attachment":[{"href":"https:\/\/vdgg.art.pl\/portal\/wp-json\/wp\/v2\/media?parent=719"}],"curies":[{"name":"wp","href":"https:\/\/api.w.org\/{rel}","templated":true}]}}