{"id":703,"date":"2013-04-12T15:46:09","date_gmt":"2013-04-12T13:46:09","guid":{"rendered":"http:\/\/vdgg.art.pl\/portal\/?page_id=703"},"modified":"2013-05-03T01:37:16","modified_gmt":"2013-05-02T23:37:16","slug":"4-pawn-hearts","status":"publish","type":"page","link":"https:\/\/vdgg.art.pl\/portal\/teksty\/teksty-oryginalne\/teksty-vdgg\/4-pawn-hearts\/","title":{"rendered":"4. Pawn Hearts"},"content":{"rendered":"<p><a name=\"1\"><\/a><br \/>\n<strong>Lemmings (including Cog)<\/strong><\/p>\n<p>I stood alone upon the highest cliff-top,<br \/>\nlooked down, around, and all that I could see<br \/>\nwere those that I would dearly love to share with<br \/>\ncrashing on quite blindly to the sea&#8230;<br \/>\nI tried to ask what game this was,<br \/>\nbut knew I might not play it:<br \/>\nthe voice, as one, as no-one, came to me&#8230;<\/p>\n<p>'We have looked upon the heroes<br \/>\nand they are found wanting;<br \/>\nwe have looked hard across the land,<br \/>\nbut we can see no dawn;<br \/>\nwe have now dared to sear the sky,<br \/>\nbut we are still bleeding;<br \/>\nwe are drawing near to the cliffs,<br \/>\nnow we can hear the call.<\/p>\n<p>The clouds are piled in mountain-shapes,<br \/>\nthere is no escape except to go forward.<br \/>\nDon&#8217;t ask us for an answer now,<br \/>\nit&#8217;s far too late to bow to that convention.<br \/>\nWhat course is there left but to die?<\/p>\n<p>We have looked upon the High Kings,<br \/>\nfound them less than mortals:<br \/>\ntheir names are dust before the just<br \/>\nmarch of our young, new law.<br \/>\nMinds stumbling strong, we hurtle on<br \/>\ninto the dark portal;<br \/>\nNo-one can halt our final vault<br \/>\ninto the unknown maw.<\/p>\n<p>And as the Elders beat their brows<br \/>\nthey know that it&#8217;s really far<br \/>\ntoo late now to stop us.<br \/>\nFor if the sky is seeded death<br \/>\nwhat is the point in catching breath? &#8211; Expel it.<br \/>\nWhat cause is there left but to die<br \/>\nin searching of something we&#8217;re not quite sure of?<\/p>\n<p>What cause is there left but to die?<br \/>\n&#8230; I really don&#8217;t know why &#8230;<\/p>\n<p>I know our ends may be soon<br \/>\nbut why do you make them sooner?<br \/>\nTime may finally prove<br \/>\nonly the living move her and<br \/>\nno life lies in the quicksand.<\/p>\n<p>Yes, I know it&#8217;s<br \/>\nOut of control, out of control:<br \/>\nGreasy machinery slides on the rails,<br \/>\nYoung minds and bodies on steel spokes impaled&#8230;<br \/>\nCogs tearing bones, cogs tearing bones;<br \/>\nIron-throated monsters are forcing the screams,<br \/>\nMind and machinery box-press the dreams&#8230;<\/p>\n<p>&#8230; but there still is time &#8230;<\/p>\n<p>Cowards are they who run today,<br \/>\nthe fight is beginning&#8230;<br \/>\nno war with knives, fight with our lives,<br \/>\nlemmings can teach nothing;<br \/>\ndeath offers no hope, we must grope<br \/>\nfor the unknown answer:<br \/>\nunite our blood, abate the flood,<br \/>\navert the disaster&#8230;<\/p>\n<p>There&#8217;s other ways than screaming in the mob:<br \/>\nthat makes us merely cogs of hatred.<br \/>\nLook to the why and where we are,<br \/>\nlook to yourselves and the stars and in the end<br \/>\nWhat choice is there left but to live<br \/>\nin the hope of saving<br \/>\nour children&#8217;s children&#8217;s little ones?<\/p>\n<p>What choice is there left but to live?<br \/>\nto save the little ones?<\/p>\n<p>What choice is there left but to try?<\/p>\n<p><a name=\"2\"><\/a><\/p>\n<p><strong>Man-Erg<\/strong><\/p>\n<p>The killer lives inside me: yes, I can feel him move.<br \/>\nSometimes he&#8217;s lightly sleeping<br \/>\nin the quiet of his room,<br \/>\nbut then his eyes will rise and stare through mine;<br \/>\nhe&#8217;ll speak my words and slice my mind inside.<br \/>\nYes the killer lives.<\/p>\n<p>Angels live inside me: I can feel them smile&#8230;<br \/>\nTheir presence strokes<br \/>\nand soothes the tempest in my mind<br \/>\nand their love can heal the wounds<br \/>\nthat I have wrought.<br \/>\nThey watch me as I go to fall<br \/>\n&#8211; well, I know I shall be caught,<br \/>\nwhile the angels live.<\/p>\n<p>How can I be free?<br \/>\nHow can I get help?<br \/>\nAm I really me?<br \/>\nAm I someone else?<\/p>\n<p>But stalking in my cloisters hang the acolytes<br \/>\nof gloom<br \/>\nand Death&#8217;s Head throws his cloak into<br \/>\nthe corner of my room<br \/>\nand I am doomed&#8230;<br \/>\nBut laughing in my courtyard play the pranksters<br \/>\nof my youth<br \/>\nand solemn, waiting Old Man<br \/>\nin the gables of the roof:<br \/>\nhe tells me truth&#8230;<\/p>\n<p>And I too, live inside me and very often<br \/>\ndon&#8217;t know who I am:<br \/>\nI know I&#8217;m not a hero, well,<br \/>\nI hope that I&#8217;m not damned.<br \/>\nI&#8217;m just a man, and killers, angels,<br \/>\nall are these:<br \/>\nDictators, saviours, refugees in war and peace<br \/>\nas long as Man lives&#8230;<\/p>\n<p>I&#8217;m just a man, and killers, angels,<br \/>\nall are these:<br \/>\nDictators, saviours, refugees&#8230;<\/p>\n<p><a name=\"3\"><\/a><\/p>\n<p><strong>A Plague of Lighthouse Keepers<\/strong><\/p>\n<p><i>Eyewitness<\/i><\/p>\n<p>Still waiting for my saviour,<br \/>\nstorms tear me limb from limb;<br \/>\nmy fingers feel like seaweed&#8230;<br \/>\nI&#8217;m so far out I&#8217;m too far in.<br \/>\nI am a lonely man, my solitude is true<br \/>\nmy eyes have borne stark witness<br \/>\nand now my nights are numbered, too.<\/p>\n<p>I&#8217;ve seen the smiles on dead hands,<br \/>\nthe stars shine, but they&#8217;re not for me.<\/p>\n<p>I prophesy disaster and then I count the cost&#8230;<br \/>\nI shine but, shining, dying,<br \/>\nI know that I am almost lost.<br \/>\nOn the table lies blank paper<br \/>\nand my tower is built on stone<br \/>\nI only have blunt scissors,<br \/>\nI only have the bluntest home&#8230;<br \/>\nI&#8217;ve been the witness, and the seal of death<br \/>\nlingers in the molten wax that is my head.<\/p>\n<p>When you see the skeletons<br \/>\nof sailing-ship spars sinking low<br \/>\nYou&#8217;ll begin to wonder if the points<br \/>\nof all the ancients myths<br \/>\nare solemnly directed straight at you&#8230;<\/p>\n<p><i>Pictures\/Lighthouse<\/i><\/p>\n<p>(Eddies, rocks, ships, collision, remorse)<\/p>\n<p><i>Eyewitness<\/i><\/p>\n<p>No time now for contrition:<br \/>\nthe time for that&#8217;s long past.<br \/>\nThe walls are thin as tissue and<br \/>\nif I talk I&#8217;ll crack the glass.<br \/>\nSo I only think on how it might have been,<br \/>\nlocked in silent monologue, in silent scream.<\/p>\n<p>I&#8217;m much too tired to speak<br \/>\nand, as the waves crash on the bleak<br \/>\nstones of the tower, I start to freak<br \/>\nand find that I am overcome&#8230;<\/p>\n<p><i>S.H.M.<\/i><\/p>\n<p>'Unreal, unreal&#8217; ghost helmsmen scream<br \/>\nand fall in through the sky,<br \/>\nnot breaking through my seagull shrieks&#8230;<br \/>\nno breaks until I die:<br \/>\nthe spectres scratch on window-slits &#8211;<br \/>\nhollowed faces and mindless grins<br \/>\nonly intent on destroying what they&#8217;ve lost.<\/p>\n<p>I crawl the wall till steepness ends<br \/>\nin the vertical fall;<br \/>\nmy pain has sailed into the sea:<br \/>\nno joking hopes at dawn.<br \/>\nWhite bone shine in the iron-jaw mask<br \/>\nlost mastheads pierce the freezing dark<br \/>\nand parallel my isolated tower&#8230;<br \/>\nno paraffin for the flame<br \/>\nno harbour left to gain.<\/p>\n<p><i>Presence of the Night \/ Kosmos Tours<\/i><\/p>\n<p>'Alone, alone&#8217; the ghosts all call,<br \/>\npinpoint me in the light.<br \/>\nThe only life I feel at all<br \/>\nis the presence of the night.<\/p>\n<p>Would you cry if I died?<br \/>\nWould you catch the final words of mine?<br \/>\nWould you catch my words?<br \/>\nI know that there&#8217;s no time<br \/>\nI know that there&#8217;s no rhyme&#8230;<br \/>\nfalse signs find me<br \/>\nI don&#8217;t want to hate,<br \/>\nI just want to grow;<br \/>\nwhy can&#8217;t I let me<br \/>\nlive and be free?<br \/>\nbut I die very slowly alone.<br \/>\nI know more ways,<br \/>\nI am so afraid,<br \/>\nmyself won&#8217;t let me<br \/>\njust be myself<br \/>\nand so I am completely alone&#8230;<\/p>\n<p>The maelstrom of my memory<br \/>\nis a vampire and it feeds on me<br \/>\nnow, staggering madly, over the brink I fall.<\/p>\n<p><i>(Custard&#8217;s) Last Stand<\/i><\/p>\n<p>Lighthouses might house the key<br \/>\nbut can I reach the door?<\/p>\n<p>I want to walk on the sea<br \/>\nso that I may better find a shore&#8230;<br \/>\nbut how can I ever keep my feet dry?<br \/>\nI scan the horizon<br \/>\nI must keep my eyes on all parts of me.<\/p>\n<p>Looking back on the years<br \/>\nit seems that I have lost my way:<br \/>\nLike a dog in the night, I have run to a manger<br \/>\nnow I am the stranger I stay in.<br \/>\nAll of the grief I have seen<br \/>\nleaves me chasing solitary peace;<br \/>\nBut I hold experience in my head&#8230;<br \/>\nI&#8217;m too close to the light<br \/>\nI don&#8217;t think I see right, for I blind me&#8230;<\/p>\n<p><i>The Clot Thickens<\/i><\/p>\n<p>Where is the God that guides my hand?<br \/>\nHow can the hands of others reach me?<br \/>\nWhen will I find what I grope for?<br \/>\nWho is going to teach me?<br \/>\nI am me \/ me are we \/ we can&#8217;t see<br \/>\nany way out of here.<br \/>\nCrashing sea &#8211; a trophied history:<br \/>\nChance has lost my Guinevere&#8230;<\/p>\n<p>I don&#8217;t want to be one wave in the water<br \/>\nBut sea will drag me deep<br \/>\nOne more haggard drowned man&#8230;<\/p>\n<p>I can see the lemmings coming,<br \/>\nbut I know I&#8217;m just a man;<br \/>\nDo I join or do I founder?<br \/>\nWhich can is the best I may?<\/p>\n<p><i>Land&#8217;s End (Sineline) \/ We Go Now<\/i><\/p>\n<p>Oceans drifting sideways,<br \/>\nI am pulled into the spell;<br \/>\nI feel you around me&#8230; I know you well.<br \/>\nStars slice horizons where the lines stand<br \/>\nmuch too stark;<br \/>\nI feel I am drowning&#8230; hands stretch in the dark.<\/p>\n<p>Camps of panoply and majesty,<br \/>\nwhat is Freedom of Choice?<br \/>\nWhere do I stand in the pageantry&#8230;<br \/>\nwhose is my voice?<br \/>\nIt doesn&#8217;t feel so very bad now:<br \/>\nI think the end is the start.<br \/>\nBegin to feel very glad now:<br \/>\nAll things are a part<br \/>\nAll things are apart<br \/>\nAll things are a part.<\/p>\n<p>All lyrics by Peter Hammill<\/p>\n<p><a href=\"#1\"><img decoding=\"async\" src=\"http:\/\/vdgg.art.pl\/portal\/wp-content\/uploads\/2013\/04\/do-g\u00f3ry.png\" alt=\"Przewi\u0144 stron\u0119 do g\u00f3ry\" width=\"127\" height=\"51\" class=\"alignleft size-full wp-image-1372\" \/><\/a><\/p>\n","protected":false},"excerpt":{"rendered":"<p>Lemmings (including Cog) I stood alone upon the highest cliff-top, looked down, around, and all that I could see were those that I would dearly love to share with crashing on quite blindly to the sea&#8230; I tried to ask &hellip; <a href=\"https:\/\/vdgg.art.pl\/portal\/teksty\/teksty-oryginalne\/teksty-vdgg\/4-pawn-hearts\/\">Czytaj dalej <span class=\"meta-nav\">&rarr;<\/span><\/a><\/p>\n","protected":false},"author":1,"featured_media":659,"parent":517,"menu_order":4,"comment_status":"closed","ping_status":"closed","template":"sidebar-page.php","meta":{"_sitemap_exclude":false,"_sitemap_priority":"","_sitemap_frequency":"","footnotes":""},"class_list":["post-703","page","type-page","status-publish","has-post-thumbnail","hentry"],"_links":{"self":[{"href":"https:\/\/vdgg.art.pl\/portal\/wp-json\/wp\/v2\/pages\/703","targetHints":{"allow":["GET"]}}],"collection":[{"href":"https:\/\/vdgg.art.pl\/portal\/wp-json\/wp\/v2\/pages"}],"about":[{"href":"https:\/\/vdgg.art.pl\/portal\/wp-json\/wp\/v2\/types\/page"}],"author":[{"embeddable":true,"href":"https:\/\/vdgg.art.pl\/portal\/wp-json\/wp\/v2\/users\/1"}],"replies":[{"embeddable":true,"href":"https:\/\/vdgg.art.pl\/portal\/wp-json\/wp\/v2\/comments?post=703"}],"version-history":[{"count":4,"href":"https:\/\/vdgg.art.pl\/portal\/wp-json\/wp\/v2\/pages\/703\/revisions"}],"predecessor-version":[{"id":1376,"href":"https:\/\/vdgg.art.pl\/portal\/wp-json\/wp\/v2\/pages\/703\/revisions\/1376"}],"up":[{"embeddable":true,"href":"https:\/\/vdgg.art.pl\/portal\/wp-json\/wp\/v2\/pages\/517"}],"wp:featuredmedia":[{"embeddable":true,"href":"https:\/\/vdgg.art.pl\/portal\/wp-json\/wp\/v2\/media\/659"}],"wp:attachment":[{"href":"https:\/\/vdgg.art.pl\/portal\/wp-json\/wp\/v2\/media?parent=703"}],"curies":[{"name":"wp","href":"https:\/\/api.w.org\/{rel}","templated":true}]}}