{"id":671,"date":"2013-04-09T15:29:39","date_gmt":"2013-04-09T13:29:39","guid":{"rendered":"http:\/\/vdgg.art.pl\/portal\/?page_id=671"},"modified":"2013-05-03T01:34:25","modified_gmt":"2013-05-02T23:34:25","slug":"2-the-least-we-can-do-is-wave-to-each-other","status":"publish","type":"page","link":"https:\/\/vdgg.art.pl\/portal\/teksty\/teksty-oryginalne\/teksty-vdgg\/2-the-least-we-can-do-is-wave-to-each-other\/","title":{"rendered":"2. The Least We Can Do Is Wave To Each Other"},"content":{"rendered":"<p><a name=\"1\"><\/a><br \/>\n<strong>Darkness (11\/11)<\/strong><\/p>\n<p>Day dawns dark, it now numbers infinity.<br \/>\nLife crawls from the past, watching in wonder<br \/>\nI trace its patterns in me.<br \/>\nTomorrow&#8217;s tomorrow is birth again.<br \/>\nBoats burn the bridge in the fens;<br \/>\nthe time of the past returns to my life<br \/>\nand uses it.<\/p>\n<p>Don&#8217;t blame me for the letters<br \/>\nthat may form in the sand;<br \/>\ndon&#8217;t look in my eyes, you may see all the numbers<br \/>\nthat stretch in my sky and colour my hand.<br \/>\nDon&#8217;t say that I&#8217;m wrong in imagining<br \/>\nthat the voice of my life cannot sing.<br \/>\nFate enters and talks in old words:<br \/>\nThey amuse it.<\/p>\n<p>The hands shine darkly and white:<br \/>\nonly in dark they appear.<br \/>\nBless the baby born today,<br \/>\nflying in pitch, flying on fear.<\/p>\n<p>They shine in my eyes and touch my face<br \/>\nwhere I have seen them placed before;<br \/>\ndon&#8217;t blame me, please, for the fate that falls:<br \/>\nI did not choose it.<br \/>\nI did not, no no, I did not<br \/>\nI truly did not choose it.<\/p>\n<p><a name=\"2\"><\/a><\/p>\n<p><strong>Refugees<\/strong><\/p>\n<p>North was somewhere years ago and cold:<br \/>\nIce locked the people&#8217;s hearts and made them old.<br \/>\nSouth was birth to pleasant lands, but dry:<br \/>\nI walked the waters&#8217; depths and played my mind.<br \/>\nEast was dawn, coming alive in the golden sun:<br \/>\nthe winds came, gently, several heads became one<br \/>\nin the summertime, though august people sneered;<br \/>\nwe were at peace, and we cheered.<\/p>\n<p>We walked alone, sometimes hand in hand,<br \/>\nbetween the thin lines marking sea and sand;<br \/>\nsmiling very peacefully,<br \/>\nwe began to notice that we could be free,<br \/>\nand we moved together to the West.<\/p>\n<p>West is where all days will someday end;<br \/>\nwhere the colours turn from grey to gold,<br \/>\nand you can be with the friends.<br \/>\nAnd light flakes the golden clouds above all;<br \/>\nWest is Mike and Susie,<br \/>\nWest is where I love.<\/p>\n<p>There we shall spend our final days of our lives;<br \/>\ntell the same old stories: yeah well,<br \/>\nat least we tried.<br \/>\nInto the West, smiles on our faces, we&#8217;ll go;<br \/>\noh, yes, and our apologies to those<br \/>\nwho&#8217;ll never really know the way.<\/p>\n<p>We&#8217;re refugees, walking away from the life<br \/>\nthat we&#8217;ve known and loved;<br \/>\nnothing to do or say, nowhere to stay;<br \/>\nnow we are alone.<br \/>\nWe&#8217;re refugees, carrying all we own<br \/>\nin brown bags, tied up with string;<br \/>\nnothing to think, it doesn&#8217;t mean a thing,<br \/>\nbut we&#8217;ll be happy on our own.<br \/>\nWest is Mike and Susie;<br \/>\nWest is where I love,<br \/>\nWest is refugees&#8217; home.<\/p>\n<p><a name=\"3\"><\/a><\/p>\n<p><strong>White Hammer<\/strong><\/p>\n<p>In the year 1486 the Malleus first appeared,<br \/>\ndesigned to kill all witchcraft and end the papal fears:<br \/>\nprescribing tortures to kill the Black Arts;<br \/>\nand the Hammer struck hard.<\/p>\n<p>Malleus Maleficarum slaughtered and tortured<br \/>\nall those under suspicion, as the Inquisistion ordered<br \/>\n&#8211; burning black hearts and innocents alike,<br \/>\nkilling the mad;<br \/>\nsuch was the power the Hammer had.<\/p>\n<p>Though Hexenhammer was intended to slay only evil,<br \/>\nfear and anger against magic overspilled:<br \/>\nthey also killed those of the White.<\/p>\n<p>So for two centuries and more they tried to slay<br \/>\nboth the Black and the White Arts &#8211;<br \/>\nbut spirits override pain.<br \/>\nFor every one that the torture took,<br \/>\ntwo were hid secure,<br \/>\nand so the craft, yes, it endured.<\/p>\n<p>Love and hate lived on in the face of fear,<br \/>\nHexenhammer&#8217;s force died,<br \/>\nand the real power became clear.<\/p>\n<p>White Hammer no more is beaten;<br \/>\nnow it begins to beat,<br \/>\nand the Grey, once oppressor,<br \/>\nnow, at good hands, faces defeat.<br \/>\nAnd the Black, too, shall bow down<br \/>\nto the power above;<br \/>\nBlack hate beats Grey<br \/>\nbut surpreme is<br \/>\nthe White Hammer of Love.<\/p>\n<p><a name=\"4\"><\/a><\/p>\n<p><strong>Whatever Would Robert Have Said?<\/strong><\/p>\n<p>I am the suck of air you take<br \/>\nthat you&#8217;ve had many times before;<br \/>\nI am the blow you try to fake,<br \/>\nbut which still throws you out the door;<br \/>\nI am the air that fills your lungs,<br \/>\nbut leaves you emptier below;<br \/>\nI am the void that you can&#8217;t explain,<br \/>\nbut which is where you want to go.<\/p>\n<p>Flame sucks between the balls of steel;<br \/>\nnothing moves, the air itself congeals.<br \/>\nLook at the flame if you want to,<br \/>\nhear the sharp crack of the fission,<br \/>\nsmell the brief vapour of ozone,<br \/>\nfeel static motion.<\/p>\n<p>I am the love you try to hide,<br \/>\nbut which all can understand;<br \/>\nI am the hate you still deny,<br \/>\nthough the blood is on your hands;<br \/>\nI am the peace you&#8217;re searching for,<br \/>\nbut you know you&#8217;ll never find;<br \/>\nI am the pain you can&#8217;t endure,<br \/>\nbut which tingles in your mind.<\/p>\n<p>Flame sucks between the balls of steel;<br \/>\nnothing moves, the air itself congeals.<br \/>\nLook at the flame if you want to,<br \/>\nhear the sharp crack of the fission,<br \/>\nsmell the brief vapour of ozone,<br \/>\nfeel static motion.<\/p>\n<p>I am the joy you really pay for,<br \/>\nbut which comes completely free;<br \/>\nI am your god on the final day,<br \/>\nfor the truth is you and me&#8230;<\/p>\n<p><a name=\"5\"><\/a><\/p>\n<p><strong>Out of my Book<\/strong><\/p>\n<p>We sat by ourselves, still looking for company;<br \/>\nthere could have been peace, but that eluded me &#8211;<br \/>\nall I could think of was what was on my mind.<br \/>\nYou tried to be kind,<br \/>\nbut I blocked your feelings.<br \/>\nNow, senses still reeling, you sit in your quiet room and cry.<br \/>\nYou tried to make me one,<br \/>\nbut I always hide when there&#8217;s a glimpse of sun.<\/p>\n<p>Running along in sunlight meadows,<br \/>\nyour eyes were never more than half-closed:<br \/>\nthrough fluttering lashes, you watched me watching you.<br \/>\nI tried to be true<br \/>\nto the way that you thought I ought to be<br \/>\nbut, in spite of all my efforts,<br \/>\nI failed.<br \/>\nI tried to make you see<br \/>\nbut your eyes are blind to all but the bad in me.<\/p>\n<p>What do you think I mean<br \/>\nwhen I say that I need you?<br \/>\nHow am I supposed to seem<br \/>\nwhen we hit another problem<br \/>\nand the answers are all torn from my book?<\/p>\n<p>Our lives are on paths we just can&#8217;t control;<br \/>\nwe can grow closer as we get old.<br \/>\nCan you imagine us as we adjust?<br \/>\nCan you imagine us<br \/>\ngetting near eighty;<br \/>\nwe live more sedately,<br \/>\nstill hoping the dreams will come true?<br \/>\nWe&#8217;ll try to be secure.<\/p>\n<p>But I&#8217;m of uncertain mind<br \/>\nand how can I be sure?<br \/>\nHow can I be sure?<\/p>\n<p><a name=\"6\"><\/a><\/p>\n<p><strong>After the Flood<\/strong><\/p>\n<p>Continuing the story, humanity stumbles &#8211;<br \/>\ngone is the glory, there&#8217;s a far distant rumble.<br \/>\nThe clouds have gathered and exploded now:<br \/>\naxes shattered, there is no North or South.<br \/>\nFar off, the ice is foundering slowly,<br \/>\nthe ice is turning to water,<br \/>\nthe ice is turning to water.<\/p>\n<p>The water rushes over all<br \/>\ncities crash in the mighty wave;<br \/>\nthe final man is very small,<br \/>\nplunging in for his final bathe.<\/p>\n<p>This is the ending of the beginning,<br \/>\nthis is the beginning of the end,<br \/>\nmiddle of the middle, mid-point, end and start:<br \/>\nthe first peak rises, forces the waves apart.<br \/>\nFar off, the ice is now re-forming:<br \/>\npoles are fixed once more,<br \/>\nwater&#8217;s receding, like death-blood.<\/p>\n<p>And when the water falls again,<br \/>\nall is dead and nobody lives.<\/p>\n<p>And then he said:<br \/>\n'Every step appears to be<br \/>\nthe unavoidable consequence of the preceding one,<br \/>\nand in the end there beckons more and more clearly<br \/>\ntotal annihilation&#8217;<\/p>\n<p>This is the ending of the beginning,<br \/>\nthis is the beginning of the end,<br \/>\nAnd when the water falls again,<br \/>\nall is dead and nobody lives.<\/p>\n<p>All lyrics by Peter Hammill<\/p>\n<p><a href=\"#1\"><img decoding=\"async\" src=\"http:\/\/vdgg.art.pl\/portal\/wp-content\/uploads\/2013\/04\/do-g\u00f3ry.png\" alt=\"Przewi\u0144 stron\u0119 do g\u00f3ry\" width=\"127\" height=\"51\" class=\"alignleft size-full wp-image-1372\" \/><\/a><\/p>\n","protected":false},"excerpt":{"rendered":"<p>Darkness (11\/11) Day dawns dark, it now numbers infinity. Life crawls from the past, watching in wonder I trace its patterns in me. Tomorrow&#8217;s tomorrow is birth again. Boats burn the bridge in the fens; the time of the past &hellip; <a href=\"https:\/\/vdgg.art.pl\/portal\/teksty\/teksty-oryginalne\/teksty-vdgg\/2-the-least-we-can-do-is-wave-to-each-other\/\">Czytaj dalej <span class=\"meta-nav\">&rarr;<\/span><\/a><\/p>\n","protected":false},"author":1,"featured_media":659,"parent":517,"menu_order":2,"comment_status":"closed","ping_status":"closed","template":"sidebar-page.php","meta":{"_sitemap_exclude":false,"_sitemap_priority":"","_sitemap_frequency":"","footnotes":""},"class_list":["post-671","page","type-page","status-publish","has-post-thumbnail","hentry"],"_links":{"self":[{"href":"https:\/\/vdgg.art.pl\/portal\/wp-json\/wp\/v2\/pages\/671","targetHints":{"allow":["GET"]}}],"collection":[{"href":"https:\/\/vdgg.art.pl\/portal\/wp-json\/wp\/v2\/pages"}],"about":[{"href":"https:\/\/vdgg.art.pl\/portal\/wp-json\/wp\/v2\/types\/page"}],"author":[{"embeddable":true,"href":"https:\/\/vdgg.art.pl\/portal\/wp-json\/wp\/v2\/users\/1"}],"replies":[{"embeddable":true,"href":"https:\/\/vdgg.art.pl\/portal\/wp-json\/wp\/v2\/comments?post=671"}],"version-history":[{"count":12,"href":"https:\/\/vdgg.art.pl\/portal\/wp-json\/wp\/v2\/pages\/671\/revisions"}],"predecessor-version":[{"id":674,"href":"https:\/\/vdgg.art.pl\/portal\/wp-json\/wp\/v2\/pages\/671\/revisions\/674"}],"up":[{"embeddable":true,"href":"https:\/\/vdgg.art.pl\/portal\/wp-json\/wp\/v2\/pages\/517"}],"wp:featuredmedia":[{"embeddable":true,"href":"https:\/\/vdgg.art.pl\/portal\/wp-json\/wp\/v2\/media\/659"}],"wp:attachment":[{"href":"https:\/\/vdgg.art.pl\/portal\/wp-json\/wp\/v2\/media?parent=671"}],"curies":[{"name":"wp","href":"https:\/\/api.w.org\/{rel}","templated":true}]}}