{"id":556,"date":"2013-04-05T21:50:35","date_gmt":"2013-04-05T19:50:35","guid":{"rendered":"http:\/\/vdgg.art.pl\/portal\/?page_id=556"},"modified":"2013-05-01T19:11:37","modified_gmt":"2013-05-01T17:11:37","slug":"7-i-prophesy-disaster-1993-kompilacja","status":"publish","type":"page","link":"https:\/\/vdgg.art.pl\/portal\/pozostale-plyty-vdgg\/7-i-prophesy-disaster-1993-kompilacja\/","title":{"rendered":"7. I Prophesy Disaster (1993) [kompilacja]"},"content":{"rendered":"<p><img loading=\"lazy\" decoding=\"async\" class=\"alignright size-full wp-image-465\" alt=\"Ok\u0142adka\" src=\"http:\/\/vdgg.art.pl\/portal\/wp-content\/uploads\/2013\/03\/prophesy250.jpg\" width=\"250\" height=\"250\" srcset=\"https:\/\/vdgg.art.pl\/portal\/wp-content\/uploads\/2013\/03\/prophesy250.jpg 250w, https:\/\/vdgg.art.pl\/portal\/wp-content\/uploads\/2013\/03\/prophesy250-150x150.jpg 150w\" sizes=\"auto, (max-width: 250px) 100vw, 250px\" \/><strong>(kompilacja i rzadkie nagrania)<\/strong><\/p>\n<p>1. Afterwards [4:57]<br \/>\n2. Necromancer [3.36]<br \/>\n3. Refugees [5:24]<br \/>\n4. The Boat of Millions of Years [3:50]<br \/>\n5. Lemmings (including Cog) [11:37]<br \/>\n6. W [4:26]<br \/>\n7. Arrow [9:46]<br \/>\n8. La Rossa [9:50]<br \/>\n9. Ship of Fools [3:46]<br \/>\n10. Medley (cz\u0119\u015b\u0107 &#8222;A Plague of Lighthouse<br \/>\nKeepers&#8221; i &#8222;The Sleepwalkers&#8221;) [13:32]<\/p>\n<p>Wszystkie teksty: Peter Hammill<\/p>\n<p>Muzycy:<br \/>\nPeter Hammill &#8211; wokal, gitary, klawisze<br \/>\nGuy Evans &#8211; perkusja<br \/>\nHugh Banton &#8211; organy, peda\u0142 basowy i gitara (utwory 1-8)<br \/>\nDavid Jackson &#8211; saksofony, flety (utwory 1-8, 10)<br \/>\nKeith Ellis &#8211; bas (utwory 1, 2)<br \/>\nNic Potter &#8211; bas (utwory 3, 4)<br \/>\nGraham Smith &#8211; skrzypce (utwory 9, 10)<br \/>\nCharles Dickie &#8211; wiolonczela, klawisze (utw\u00f3r 10)<\/p>\n<p><a href=\"http:\/\/vdgg.art.pl\/portal\/pozostale-plyty-vdgg\/6-second-generation-1986-kompilacja\/\"><img loading=\"lazy\" decoding=\"async\" src=\"http:\/\/vdgg.art.pl\/portal\/wp-content\/uploads\/2013\/05\/poprzednia-strona1.png\" alt=\"Poprzednia strona\" width=\"127\" height=\"51\" class=\"alignleft size-full wp-image-1231\" \/><\/a><\/p>\n<p><a href=\"http:\/\/vdgg.art.pl\/portal\/pozostale-plyty-vdgg\/8-maida-vale-1994-sesje-bbc\/\"><img loading=\"lazy\" decoding=\"async\" src=\"http:\/\/vdgg.art.pl\/portal\/wp-content\/uploads\/2013\/03\/kolejna-strona2.png\" alt=\"Kolejna strona\" width=\"127\" height=\"51\" class=\"alignright size-full wp-image-1229\" \/><\/a><\/p>\n","protected":false},"excerpt":{"rendered":"<p>(kompilacja i rzadkie nagrania) 1. Afterwards [4:57] 2. Necromancer [3.36] 3. Refugees [5:24] 4. The Boat of Millions of Years [3:50] 5. Lemmings (including Cog) [11:37] 6. W [4:26] 7. Arrow [9:46] 8. La Rossa [9:50] 9. Ship of Fools &hellip; <a href=\"https:\/\/vdgg.art.pl\/portal\/pozostale-plyty-vdgg\/7-i-prophesy-disaster-1993-kompilacja\/\">Czytaj dalej <span class=\"meta-nav\">&rarr;<\/span><\/a><\/p>\n","protected":false},"author":1,"featured_media":0,"parent":532,"menu_order":7,"comment_status":"closed","ping_status":"closed","template":"sidebar-page.php","meta":{"_sitemap_exclude":false,"_sitemap_priority":"","_sitemap_frequency":"","footnotes":""},"class_list":["post-556","page","type-page","status-publish","hentry"],"_links":{"self":[{"href":"https:\/\/vdgg.art.pl\/portal\/wp-json\/wp\/v2\/pages\/556","targetHints":{"allow":["GET"]}}],"collection":[{"href":"https:\/\/vdgg.art.pl\/portal\/wp-json\/wp\/v2\/pages"}],"about":[{"href":"https:\/\/vdgg.art.pl\/portal\/wp-json\/wp\/v2\/types\/page"}],"author":[{"embeddable":true,"href":"https:\/\/vdgg.art.pl\/portal\/wp-json\/wp\/v2\/users\/1"}],"replies":[{"embeddable":true,"href":"https:\/\/vdgg.art.pl\/portal\/wp-json\/wp\/v2\/comments?post=556"}],"version-history":[{"count":6,"href":"https:\/\/vdgg.art.pl\/portal\/wp-json\/wp\/v2\/pages\/556\/revisions"}],"predecessor-version":[{"id":1295,"href":"https:\/\/vdgg.art.pl\/portal\/wp-json\/wp\/v2\/pages\/556\/revisions\/1295"}],"up":[{"embeddable":true,"href":"https:\/\/vdgg.art.pl\/portal\/wp-json\/wp\/v2\/pages\/532"}],"wp:attachment":[{"href":"https:\/\/vdgg.art.pl\/portal\/wp-json\/wp\/v2\/media?parent=556"}],"curies":[{"name":"wp","href":"https:\/\/api.w.org\/{rel}","templated":true}]}}