{"id":536,"date":"2013-04-05T21:10:54","date_gmt":"2013-04-05T19:10:54","guid":{"rendered":"http:\/\/vdgg.art.pl\/portal\/?page_id=536"},"modified":"2013-05-01T19:31:49","modified_gmt":"2013-05-01T17:31:49","slug":"12-real-time-2007","status":"publish","type":"page","link":"https:\/\/vdgg.art.pl\/portal\/pozostale-plyty-vdgg\/12-real-time-2007\/","title":{"rendered":"12. Real Time (2007)"},"content":{"rendered":"<p><img loading=\"lazy\" decoding=\"async\" class=\"alignright size-full wp-image-463\" alt=\"Ok\u0142adka\" src=\"http:\/\/vdgg.art.pl\/portal\/wp-content\/uploads\/2013\/03\/real250.jpg\" width=\"250\" height=\"250\" srcset=\"https:\/\/vdgg.art.pl\/portal\/wp-content\/uploads\/2013\/03\/real250.jpg 250w, https:\/\/vdgg.art.pl\/portal\/wp-content\/uploads\/2013\/03\/real250-150x150.jpg 150w\" sizes=\"auto, (max-width: 250px) 100vw, 250px\" \/> 1. Undercover Man<br \/>\n2. Scorched Earth<br \/>\n3. Refugees<br \/>\n4. Every Bloody Emperor<br \/>\n5. Lemmings<br \/>\n6. (In The) Black Room<br \/>\n7. Nutter Alert<br \/>\n8. Darkness (11\/11)<br \/>\n9. Masks<br \/>\n10. Childlike Faith in Childhood&#8217;s End<br \/>\n11. The Sleepwalkers<br \/>\n12. Man-erg<br \/>\n13. Killer<br \/>\n14. Wondering<\/p>\n<p><img loading=\"lazy\" decoding=\"async\" class=\"alignright size-full wp-image-462\" alt=\"Ok\u0142adka - wydanie japo\u0144skie\" src=\"http:\/\/vdgg.art.pl\/portal\/wp-content\/uploads\/2013\/03\/real_japan250.jpg\" width=\"250\" height=\"250\" srcset=\"https:\/\/vdgg.art.pl\/portal\/wp-content\/uploads\/2013\/03\/real_japan250.jpg 250w, https:\/\/vdgg.art.pl\/portal\/wp-content\/uploads\/2013\/03\/real_japan250-150x150.jpg 150w\" sizes=\"auto, (max-width: 250px) 100vw, 250px\" \/><strong>Real Time (2007) &#8211; wydanie japo\u0144skie<\/strong><\/p>\n<p><em>CD 1<\/em><\/p>\n<p>1. Undercover Man<br \/>\n2. Scorched Earth<br \/>\n3. Refugees<br \/>\n4. Every Bloody Emperor<br \/>\n5. Lemmings<br \/>\n6. In The Black Room<br \/>\n7. Nutter Alert<br \/>\n8. Darkness<\/p>\n<p><em>CD 2<\/em><\/p>\n<p>1. Masks<br \/>\n2. Childlike Faith In Childhood&#8217;s End<br \/>\n3. Sleepwalkers<br \/>\n4. Man Erg<br \/>\n5. Killer<br \/>\n6. Wondering<\/p>\n<p><em>CD 3<\/em><\/p>\n<p>1. Pilgrims [7:31] Live in Paris 12.07.2005 r.<br \/>\n2. When She Comes [8:08] Live in Amsterdam 23.07.2005 r.<br \/>\n3. Still Life [7:52] Live in Taormina 15.07.2005 r.<br \/>\n4. Gibberish [13:38] Live in Amsterdam 23.07.2005 r.<\/p>\n<p><strong>Polska recenzja:<\/strong><br \/>\nWspania\u0142y powr\u00f3t po 27 latach milczenia. VDGG to zesp\u00f3\u0142 legenda, zesp\u00f3\u0142 ikona bezkompromisowo\u015bci w rocku.<br \/>\nW 2003 roku koledzy do\u0142\u0105czyli do Hammilla na jeden utw\u00f3r 'Still Life&#8217; &#8211; zaiskrzy\u0142o znowu i zesp\u00f3\u0142 nabra\u0142 trzeci oddech (teraz jest ju\u017c czwarty po odej\u015bciu Jacksona w 2006 roku, ale to ju\u017c inna historia).<br \/>\n'Real Time&#8217; to pierwszy koncert tego odnowionego sk\u0142adu VDGG. Czy mam opisywa\u0107 muzyk\u0119? Czy musz\u0119 znowu powtarza\u0107 jak GENIALNYM WOKALIST\u0104 jest Hammill? I jaki to \u015bwietny zesp\u00f3\u0142 koncertowy?<br \/>\nProsz\u0119 spojrze\u0107 na wykaz utwor\u00f3w jakie zagrali tego dnia &#8211; same niekwestionowane 'hity&#8217; (brak mo\u017ce tylko Plagi Latarnik\u00f3w &#8211; ale akurat ten utw\u00f3r grali bardzo rzadko w latach 70-tych, bodaj\u017ce tylko kilka razy). Zagrane z werw\u0105, moc\u0105, si\u0142\u0105, energi\u0105 i emocjami, o jakie naprawd\u0119 trudno pos\u0105dza\u0107 tych prawie 60-letnich facet\u00f3w. A dwa nowe utwory z p\u0142yty Present doskonale si\u0119 wkomponowa\u0142y w ca\u0142o\u015b\u0107 &#8211; mo\u017cna mie\u0107 wra\u017cenie, \u017ce one te\u017c powsta\u0142y w szalonych latach 70-tych.<br \/>\nJakie\u015b niespodzianki? Dla mnie (In The) Black Room &#8211; utw\u00f3r vandergraafowy z solowej p\u0142yty Hammilla 'Chameleon&#8230;&#8217; &#8211; zagrany tak, \u017ce ciarki&#8230;<br \/>\nJeszcze ma\u0142e por\u00f3wnanie &#8211; mam ten koncert w wersji bootlegowej, bez obr\u00f3bki studyjnej, dodatkowych miks\u00f3w itp. i musz\u0119 stwierdzi\u0107, \u017ce ta oficjalna p\u0142yta bardziej uwypukla wokal Hammilla; reszta instrument\u00f3w wydaje mi si\u0119 troszk\u0119 schowana w por\u00f3wnaniu do bootlegu.<\/p>\n<p style=\"text-align: right;\"><em>ceizurac<\/em><\/p>\n<p><a href=\"http:\/\/vdgg.art.pl\/portal\/pozostale-plyty-vdgg\/11-the-box-2000\/\"><img loading=\"lazy\" decoding=\"async\" class=\"alignleft size-full wp-image-1231\" alt=\"Poprzednia strona\" src=\"http:\/\/vdgg.art.pl\/portal\/wp-content\/uploads\/2013\/05\/poprzednia-strona1.png\" width=\"127\" height=\"51\" \/><\/a><\/p>\n<p><a href=\"http:\/\/vdgg.art.pl\/portal\/pozostale-plyty-vdgg\/13-live-at-the-paradiso-2009\/\"><img loading=\"lazy\" decoding=\"async\" class=\"alignright size-full wp-image-1229\" alt=\"Kolejna strona\" src=\"http:\/\/vdgg.art.pl\/portal\/wp-content\/uploads\/2013\/03\/kolejna-strona2.png\" width=\"127\" height=\"51\" \/><\/a><\/p>\n","protected":false},"excerpt":{"rendered":"<p>1. Undercover Man 2. Scorched Earth 3. Refugees 4. Every Bloody Emperor 5. Lemmings 6. (In The) Black Room 7. Nutter Alert 8. Darkness (11\/11) 9. Masks 10. Childlike Faith in Childhood&#8217;s End 11. The Sleepwalkers 12. Man-erg 13. Killer &hellip; <a href=\"https:\/\/vdgg.art.pl\/portal\/pozostale-plyty-vdgg\/12-real-time-2007\/\">Czytaj dalej <span class=\"meta-nav\">&rarr;<\/span><\/a><\/p>\n","protected":false},"author":1,"featured_media":0,"parent":532,"menu_order":12,"comment_status":"closed","ping_status":"closed","template":"sidebar-page.php","meta":{"_sitemap_exclude":false,"_sitemap_priority":"","_sitemap_frequency":"","footnotes":""},"class_list":["post-536","page","type-page","status-publish","hentry"],"_links":{"self":[{"href":"https:\/\/vdgg.art.pl\/portal\/wp-json\/wp\/v2\/pages\/536","targetHints":{"allow":["GET"]}}],"collection":[{"href":"https:\/\/vdgg.art.pl\/portal\/wp-json\/wp\/v2\/pages"}],"about":[{"href":"https:\/\/vdgg.art.pl\/portal\/wp-json\/wp\/v2\/types\/page"}],"author":[{"embeddable":true,"href":"https:\/\/vdgg.art.pl\/portal\/wp-json\/wp\/v2\/users\/1"}],"replies":[{"embeddable":true,"href":"https:\/\/vdgg.art.pl\/portal\/wp-json\/wp\/v2\/comments?post=536"}],"version-history":[{"count":9,"href":"https:\/\/vdgg.art.pl\/portal\/wp-json\/wp\/v2\/pages\/536\/revisions"}],"predecessor-version":[{"id":1301,"href":"https:\/\/vdgg.art.pl\/portal\/wp-json\/wp\/v2\/pages\/536\/revisions\/1301"}],"up":[{"embeddable":true,"href":"https:\/\/vdgg.art.pl\/portal\/wp-json\/wp\/v2\/pages\/532"}],"wp:attachment":[{"href":"https:\/\/vdgg.art.pl\/portal\/wp-json\/wp\/v2\/media?parent=536"}],"curies":[{"name":"wp","href":"https:\/\/api.w.org\/{rel}","templated":true}]}}