{"id":2031,"date":"2021-09-14T21:11:26","date_gmt":"2021-09-14T19:11:26","guid":{"rendered":"https:\/\/vdgg.art.pl\/portal\/?page_id=2031"},"modified":"2023-03-15T17:19:02","modified_gmt":"2023-03-15T16:19:02","slug":"18-the-charisma-years-1970-1978","status":"publish","type":"page","link":"https:\/\/vdgg.art.pl\/portal\/pozostale-plyty-vdgg\/18-the-charisma-years-1970-1978\/","title":{"rendered":"18. The Charisma Years 1970-1978 (2021)"},"content":{"rendered":"<p><img loading=\"lazy\" decoding=\"async\" class=\"alignright size-full wp-image-2033\" src=\"https:\/\/vdgg.art.pl\/portal\/wp-content\/uploads\/2021\/09\/van_der_graaf_charisma.jpg\" alt=\"\" width=\"250\" height=\"250\" srcset=\"https:\/\/vdgg.art.pl\/portal\/wp-content\/uploads\/2021\/09\/van_der_graaf_charisma.jpg 250w, https:\/\/vdgg.art.pl\/portal\/wp-content\/uploads\/2021\/09\/van_der_graaf_charisma-150x150.jpg 150w\" sizes=\"auto, (max-width: 250px) 100vw, 250px\" \/><\/p>\n<p><strong>CD 1: The Least We Can Do is Wave to Each Other<\/strong><br \/>\n1. Darkness (11\/11)<br \/>\n2. Refugees<br \/>\n3. White Hammer<br \/>\n4. Whatever Would Robert Have Said?<br \/>\n5. Out of My Book<br \/>\n6. After the Flood<\/p>\n<p>Bonus tracks<br \/>\n1. Refugees (single version) \u2013 A-side April 1970<br \/>\n2. Boat of Millions of Years \u2013 B-side April 1970<br \/>\n3. Darkness (BBC Radio \u2018Top Gear\u2019 session 20 Jan 1970)<br \/>\n4. After the Flood (BBC Radio \u2018Top Gear\u2019 session 20 Jan 1970)<\/p>\n<hr>\n<p><strong>CD 2: H to He Who Am the Only One<\/strong><br \/>\n1. Killer<br \/>\n2. House with No Door<br \/>\n3. The Emperor in His War Room<br \/>\n4. Lost<br \/>\n5. Pioneers Over C<\/p>\n<p>Bonus tracks<br \/>\n1. Killer (first version) \u2013 Previously unreleased \u2013 Recorded at Trident Studios in July 1970<br \/>\n2. The Emperor in His War Room (first version) \u2013 Recorded at Trident Studios in July 1970<br \/>\n3. Lost (BBC Radio \u2018Top Gear\u2019 session 12 Oct 1970) \u2013 previously unreleased<br \/>\n4. Killer (BBC Radio \u2018Top Gear\u2019 session 12 Oct 1970) \u2013 previously unreleased<\/p>\n<hr>\n<p><strong>CD 3: Pawn Hearts<\/strong><br \/>\n1. Lemmings (including Cog)<br \/>\n2. Man Erg<br \/>\n3. A Plague of Lighthouse Keepers:<br \/>\na) Eyewitness b) Pictures \/ Lighthouse c) Eyewitness d) SHM e)<br \/>\n4. Presence of the Night f) Kosmos Tours g) (Custard\u2019s) Last Stand h) The Clot Thickens i) Land\u2019s End (Sineline) j) We Go now<\/p>\n<p>Bonus Tracks<br \/>\n1. Man Erg (BBC Radio One Sounds of the Seventies session \u2013 10 June 1971)<br \/>\n2. Theme One (BBC Radio One Sounds of the Seventies session \u2013 10 June 1971)<br \/>\n3. Vision (BBC Radio One Sounds of the Seventies session \u2013 10 June 1971)<br \/>\n4. Darkness (BBC Radio One Sounds of the Seventies session \u2013 10 June 1971)<\/p>\n<hr>\n<p><strong>CD 4<\/strong><br \/>\n1. Theme One (A-side of single Feb 1972)<br \/>\n2. W (B-side of single Feb 1972)<br \/>\n3. Squid \/ Octopus (from Pawn Heart sessions)<br \/>\n4. Angle of Incidents (from Pawn Heart sessions)<br \/>\n5. Ponker\u2019s Theme (from Pawn Heart sessions)<br \/>\n6. Dimunitions (from Pawn Heart sessions)<br \/>\n7. W (first version) (from Pawn Heart sessions)<br \/>\n8.Theme One (original mix) (from Pawn Heart sessions)<br \/>\n9. Man Erg (BBC Radio One John Peel Concert 23 Sep 1971)<br \/>\n10. W (BBC Radio One John Peel Concert 23 Sep 1971)<br \/>\n11. Killer (BBC Radio One John Peel Concert 23 Sep 1971)<br \/>\n12. Refugees (BBC Radio One John Peel Concert 14 Dec 1971)<\/p>\n<hr>\n<p><strong>CD 5: Godbluff<\/strong><br \/>\n1. The Undercover Man<br \/>\n2. Scorched Earth<br \/>\n3. Arrow<br \/>\n4. The Sleepwalkers<\/p>\n<p>Bonus tracks<br \/>\n1. Scorched Earth (BBC Radio One John Peel session \u2013 3 July 1975)<br \/>\n2. The Sleepwalkers (BBC Radio One John Peel session \u2013 3 July 1975)<\/p>\n<hr>\n<p><strong>CD 6: Live in Rimini 9th August 1975<\/strong><br \/>\n1. A Louse is Not a Home<br \/>\n2. (In the) Black Room \/ The Tower<br \/>\nForsaken Gardens<br \/>\n3. Lemmings<br \/>\n4. Scorched Earth<br \/>\n5. Man-Erg<\/p>\n<hr>\n<p><strong>CD 7: Still Life<\/strong><br \/>\n1. Pilgrims<br \/>\n2. Still Life<br \/>\n3. La Rossa<br \/>\n4. My Room (Waiting for Wonderland)<br \/>\n5. Childlike Faith in Childhood\u2019s End<\/p>\n<p>Bonus tracks<br \/>\n1. Gog (live) \u2013 Recorded at the Theatr Gwynedd, Bangor, Wales 10 May 1975<br \/>\n2. Still Life (BBC Radio One John Peel session \u2013 1 April 1976)<br \/>\n3. La Rossa (BBC Radio One John Peel session \u2013 1 April 1976)<\/p>\n<hr>\n<p><strong>CD 8: World Record<\/strong><br \/>\n1. When She Comes<br \/>\n2. A Place to Survive<br \/>\n3. Masks<br \/>\n4. Meurglys III (The Songwriters Guild)<br \/>\n5. Wondering<\/p>\n<p>Bonus tracks:<br \/>\n1. When She Comes (BBC Radio One John Peel session \u2013 11 November 1976)<br \/>\n2. Masks (BBC Radio One John Peel session \u2013 11 November 1976)<br \/>\n3. Part One (Approx. 35% of) Meurglys III (The Songwriters Guild) \u2013 B-side of single Oct 1976 \u2013 Previously unreleased on CD<\/p>\n<hr>\n<p><strong>CD 9: Live at Maison de la Mutualite, Paris (6 Dec 1976 \u2013 previously unreleased)<\/strong><br \/>\n1. Arrow<br \/>\n2. When She Comes<br \/>\n3. Masks<br \/>\n4. Still Life<br \/>\n5. Lemmings<br \/>\n6. Childlike Faith in Childhood\u2019s End<\/p>\n<hr>\n<p><strong>CD 10: CD 9: Live at Maison de la Mutualite, Paris (6 Dec 1976 \u2013 previously unreleased)<\/strong><br \/>\n1. Meurglys III (The Songwriter\u2019s Guild)<br \/>\n2. Gog<br \/>\n3. Sleepwalkers<br \/>\n4. Killer<br \/>\n5. Man-Erg<\/p>\n<hr>\n<p><strong>CD 11: The Quiet Zone \/ The Pleasure Dome<\/strong><br \/>\n1. Lizard Play<br \/>\n2. The Habit of the Broken Heart<br \/>\n3. The Siren Song<br \/>\n4. Last Frame<br \/>\n5. The Wave<br \/>\n6. Cat\u2019s Eye \/ Yellow Fever (Running)<br \/>\n7. The Sphinx in the Face<br \/>\n8. Chemical World<br \/>\n9. The Sphinx Returns<\/p>\n<p>Bonus tracks<br \/>\n1. Door<br \/>\n2. Ship of Fools (B-side of French single from Sep 1977)<br \/>\n3. The Wave (demo version)<br \/>\n4. Cat\u2019s Eye \/ Yellow Fever (BBC Radio One John Peel session \u2013 24 October 1977)<br \/>\n5. The Sphinx in the Face (BBC Radio One John Peel session \u2013 24 October 1977)<br \/>\n6. (Fragments of) A Plague of Lighthouse Keepers \/ Sleepwalker\u2019s End (BBC Radio One John Peel session \u2013 24 October 1977)<\/p>\n<hr>\n<p><strong>CD 12: Vital (live album)<\/strong><br \/>\n1. Ship of Fools<br \/>\n2. Still Life<br \/>\n3. Last Frame<br \/>\n4. Mirror Images<br \/>\n5. Medley: A Plague of Lighthouse Keepers \/ Sleepwalkers<\/p>\n<hr>\n<p><strong>CD 13: Vital (live album)<\/strong><br \/>\n1. Pioneers Over C<br \/>\n2. Sci-Finance<br \/>\n3. Door<br \/>\n4. Urban \/ Killer \/ Urban<br \/>\n5. Nadir\u2019s Big Chance<\/p>\n<hr>\n<p><strong>CD 14: H to He Who Am the Only One (New stereo mix)<\/strong><br \/>\n1. Killer<br \/>\n2. House with No Door<br \/>\n3. The Emperor in His War Room<br \/>\n4. Lost<br \/>\n5. Pioneers Over C<\/p>\n<hr>\n<p><strong>CD 15: Pawn Hearts (New stereo mix)<\/strong><br \/>\n1. Lemmings (including Cog)<br \/>\n2. Man Erg<br \/>\n3. A Plague of Lighthouse Keepers:<br \/>\na) Eyewitness b) Pictures \/ Lighthouse c) Eyewitness d) SHM e) Presence of the Night f) Kosmos Tours g) (Custard\u2019s) Last Stand h) The Clot Thickens i) Land\u2019s End (Sineline) j) We Go now<\/p>\n<p>Bonus tracks<br \/>\n1. Theme One (new stereo mix)<br \/>\n2. W (new stereo mix)<\/p>\n<hr>\n<p><strong>CD 16: Godbluff (New stereo mix<\/strong>)<br \/>\n1. The Undercover Man<br \/>\n2. Scorched Earth<br \/>\n3. Arrow<br \/>\n4. The Sleepwalkers<\/p>\n<hr>\n<p><strong>CD 17: Still Life (New stereo mix)<\/strong><br \/>\n1. Pilgrims<br \/>\n2. Still Life<br \/>\n3. La Rossa<br \/>\n4. My Room (Waiting for Wonderland)<br \/>\n5. Childlike Faith in Childhood\u2019s End<\/p>\n<hr>\n<p><strong>Blu-ray #1: \u2018H to He Who Am the Only One\u2019 and \u2018Pawn Hearts\u2019<\/strong><br \/>\nBoth albums in High resolution 5.1 Surround Sound Mix \/ New Stereo Mix \/ Original stereo mix<br \/>\n1. H to He Who Am the Only One<br \/>\n2. Killer<br \/>\n3. House with No Door<br \/>\n4. The Emperor in His War Room<br \/>\n5. Lost<br \/>\n6. Pioneers Over C<br \/>\n7. Pawn Hearts<br \/>\n8. Lemmings (including Cog)<br \/>\n9. Man Erg<br \/>\n10. A Plague of Lighthouse Keepers:<br \/>\na) Eyewitness b) Pictures \/ Lighthouse c) Eyewitness d) SHM e) Presence of the Night f) Kosmos Tours g) (Custard\u2019s) Last Stand h) The Clot Thickens i) Land\u2019s End (Sineline) j) We Go now<\/p>\n<hr>\n<p><strong>Blu-ray #2: \u2018Godbluff\u2019 and \u2018Still Life\u2019<\/strong><br \/>\nBoth albums in High resolution 5.1 Surround Sound Mix \/ New Stereo Mix \/ Original stereo mix<br \/>\n1. Godbluff<br \/>\n2. The Undercover Man<br \/>\n3. Scorched Earth<br \/>\n4. Arrow<br \/>\n5. The Sleepwalkers<br \/>\n6. Still Life<br \/>\n7. Pilgrims<br \/>\n8. La Rossa<br \/>\n9. My Room (Waiting for Wonderland)<br \/>\n10. Childlike Faith in Childhood\u2019s End<\/p>\n<hr>\n<p><strong>Blu-ray #3: The Video Vaults<\/strong><br \/>\n1. Darkness (\u2018Beat Club\u2019 \u2013 German TV 23 June 1970) \u2013 previously unreleased<br \/>\n2. Whatever Would Robert Have Said (\u2018Beat Club\u2019 \u2013 German TV 23 June 1970) \u2013 previously unreleased<br \/>\n3. Lost (\u2018Pop Deux\u2019 Filmed at The Bataclan Theatre, Paris 18 March 1972 \u2013 Previously unreleased)<br \/>\n4. Killer (\u2018Pop Deux\u2019 Filmed at The Bataclan Theatre, Paris 18 March 1972 \u2013 Previously unreleased)<br \/>\n5. Octopus (\u2018Pop Deux\u2019 Filmed at The Bataclan Theatre, Paris 18 March 1972 \u2013 Previously unreleased)<br \/>\n6. Theme One (\u2018Pop Shop\u2019 Recorded 23 March 1972 for RTBF, Belgium) First official release.<br \/>\n7. A Plague of Lighthouse Keepers (\u2018Pop Shop\u2019 Recorded 23 March 1972 for RTBF, Belgium) First official release.<br \/>\n8. The Undercover Man (Live in Charleroi Palais des Expos \u2013 27 September 1975) First official release.<br \/>\n9. Arrow (Live in Charleroi Palais des Expos \u2013 27 September 1975) First official release.<br \/>\n10. Scorched Earth (Live in Charleroi Palais des Expos \u2013 27 September 1975) First official release.<br \/>\n11. Sleepwalkers (Live in Charleroi Palais des Expos \u2013 27 September 1975) First official release.<br \/>\n12. Wondering (Charisma promotional film 1976) Previously unreleased<br \/>\n13. Cat\u2019s Eye (Charisma promotional film) Previously unreleased<br \/>\n14. Van der Graaf in Concert (The Kohfidisch Open Air Festival, Austria 17 June 1978 recorded by ORF TV). Previously unreleased<\/p>\n<p>\u017br\u00f3d\u0142o: <a href=\"https:\/\/superdeluxeedition.com\/news\/van-der-graaf-generator-the-charisma-years-1970-1978\/\" rel=\"noopener\" target=\"_blank\">https:\/\/superdeluxeedition.com\/news\/van-der-graaf-generator-the-charisma-years-1970-1978\/<\/a><\/p>\n<p><a href=\"https:\/\/vdgg.art.pl\/portal\/pozostale-plyty-vdgg\/17-live-at-rockpalast-leverkusen-2005\/\"><img loading=\"lazy\" decoding=\"async\" src=\"http:\/\/vdgg.art.pl\/portal\/wp-content\/uploads\/2013\/05\/poprzednia-strona1.png\" alt=\"Poprzednia strona\" width=\"127\" height=\"51\" class=\"alignleft size-full wp-image-1231\" \/><\/a><\/p>\n<p><a href=\"https:\/\/vdgg.art.pl\/portal\/pozostale-plyty-vdgg\/19-the-bath-forum-concert\/\"><img loading=\"lazy\" decoding=\"async\" src=\"http:\/\/vdgg.art.pl\/portal\/wp-content\/uploads\/2013\/03\/kolejna-strona2.png\" alt=\"Kolejna strona\" width=\"127\" height=\"51\" class=\"alignright size-full wp-image-1229\" \/><\/a><\/p>\n","protected":false},"excerpt":{"rendered":"<p>CD 1: The Least We Can Do is Wave to Each Other 1. Darkness (11\/11) 2. Refugees 3. White Hammer 4. Whatever Would Robert Have Said? 5. Out of My Book 6. After the Flood Bonus tracks 1. Refugees (single &hellip; <a href=\"https:\/\/vdgg.art.pl\/portal\/pozostale-plyty-vdgg\/18-the-charisma-years-1970-1978\/\">Czytaj dalej <span class=\"meta-nav\">&rarr;<\/span><\/a><\/p>\n","protected":false},"author":1,"featured_media":0,"parent":532,"menu_order":18,"comment_status":"closed","ping_status":"closed","template":"sidebar-page.php","meta":{"_sitemap_exclude":false,"_sitemap_priority":"","_sitemap_frequency":"","footnotes":""},"class_list":["post-2031","page","type-page","status-publish","hentry"],"_links":{"self":[{"href":"https:\/\/vdgg.art.pl\/portal\/wp-json\/wp\/v2\/pages\/2031","targetHints":{"allow":["GET"]}}],"collection":[{"href":"https:\/\/vdgg.art.pl\/portal\/wp-json\/wp\/v2\/pages"}],"about":[{"href":"https:\/\/vdgg.art.pl\/portal\/wp-json\/wp\/v2\/types\/page"}],"author":[{"embeddable":true,"href":"https:\/\/vdgg.art.pl\/portal\/wp-json\/wp\/v2\/users\/1"}],"replies":[{"embeddable":true,"href":"https:\/\/vdgg.art.pl\/portal\/wp-json\/wp\/v2\/comments?post=2031"}],"version-history":[{"count":22,"href":"https:\/\/vdgg.art.pl\/portal\/wp-json\/wp\/v2\/pages\/2031\/revisions"}],"predecessor-version":[{"id":2176,"href":"https:\/\/vdgg.art.pl\/portal\/wp-json\/wp\/v2\/pages\/2031\/revisions\/2176"}],"up":[{"embeddable":true,"href":"https:\/\/vdgg.art.pl\/portal\/wp-json\/wp\/v2\/pages\/532"}],"wp:attachment":[{"href":"https:\/\/vdgg.art.pl\/portal\/wp-json\/wp\/v2\/media?parent=2031"}],"curies":[{"name":"wp","href":"https:\/\/api.w.org\/{rel}","templated":true}]}}