{"id":1686,"date":"2016-10-26T02:48:32","date_gmt":"2016-10-26T00:48:32","guid":{"rendered":"http:\/\/vdgg.art.pl\/portal\/?page_id=1686"},"modified":"2016-10-26T02:53:27","modified_gmt":"2016-10-26T00:53:27","slug":"12-do-not-disturb","status":"publish","type":"page","link":"https:\/\/vdgg.art.pl\/portal\/teksty\/teksty-oryginalne\/teksty-vdgg\/12-do-not-disturb\/","title":{"rendered":"12. Do Not Disturb"},"content":{"rendered":"<p><a name=\"1\"><\/a><br \/>\n<strong>ALOFT<\/strong><\/p>\n<p>Whispers of a wind to lift you off the ground,<br \/>\nthe breath of air that&#8217;l take you where it wil ,<br \/>\nthis flight of fancy carries you until you know for sure<br \/>\nthere&#8217;s no going back<br \/>\nto where you were before,<br \/>\nnow you&#8217;ve lost the knack.<\/p>\n<p>With best-laid plans you once flattered to deceive,<br \/>\nof fatted calf were intent to eat your fil .<br \/>\nPerpetual motion carries you but stil you now for sure<br \/>\nthat you can&#8217;t keep track<br \/>\nand you can&#8217;t keep score<br \/>\nthere&#8217;s no going back any more.<\/p>\n<p>You were tethered,<br \/>\neyes and ears peeled tightly on the ground,<br \/>\nwhat goes up is certain to come down&#8230;<br \/>\nsteady measures,<br \/>\nlearn to take the whole thing in the round.<\/p>\n<p>Keep on talking,<br \/>\nfor that&#8217;s al that&#8217;s keeping you aloft;<br \/>\nit was awkward<br \/>\nholding in your breath before the off.<br \/>\nNow you travel, though you&#8217;re not so eager to arrive.<br \/>\nOn the journey what respect you earn is token,<br \/>\nfaith in progress goes unspoken<br \/>\nand that&#8217;s al that&#8217;s keeping you alive.<\/p>\n<p>And you know it&#8217;s not the going, it&#8217;s the getting there<br \/>\nthat&#8217;l slow you, so you real y can&#8217;t remember where<br \/>\nyou were heading when you started;<br \/>\nal was eloquence but now it&#8217;s al hot air.<\/p>\n<p>Draw breath in apprehension,<br \/>\nno safety features left in place,<br \/>\nyour sentence in suspension.<br \/>\nyou&#8217;re clinging on, a basket case.<br \/>\nYou didn&#8217;t want to tel me<br \/>\nabout your secret passion.<br \/>\nWhat dummy would you sel me<br \/>\nwith such unfashionable haste?<\/p>\n<p>Hold it steady,<br \/>\ncan&#8217;t afford to let direction drift.<br \/>\nAre you ready?<br \/>\nThe denouement when it comes is swift.<br \/>\nAre you joking? Were you hoping for some jol y japes?<br \/>\nEat those words or spit them out before they choke you.<br \/>\nFlailing progress,<br \/>\nfrom this moment<br \/>\nI don&#8217;t see you making your escape.<\/p>\n<p>And you know it&#8217;s not the going, it&#8217;s the getting there<br \/>\nthat&#8217;l get you, that&#8217;l get you, no-one lets you<br \/>\nknow you&#8217;re slowly in the process of forgetting where<br \/>\nyou were heading when you started.<br \/>\nAl was eloquence<br \/>\nor was it al hot air?<\/p>\n<p>So the pay-off&#8217;s due,<br \/>\nnow you&#8217;ve told your tale.<br \/>\nAl the words you used<br \/>\nare exhaled.<\/p>\n<p><a name=\"2\"><\/a><br \/>\n<strong>ALFA BERLINA<\/strong><\/p>\n<p>In the fullness of time, when it&#8217;s al waxed and waned<br \/>\nand the cycle&#8217;s complete maybe it&#8217;l make sense at last,<br \/>\nal the strangeness explained, al the stories discrete.<br \/>\nMaybe then it&#8217;l al be clear.<\/p>\n<p>I&#8217;ve got a lifetime&#8217;s library of unreliable mementoes<br \/>\nand I could show you one or two<br \/>\nif it&#8217;s of interest, it&#8217;d be an education<br \/>\nfor me to simply talk you through<br \/>\nhow I wore my innocence as some kind of novelty<br \/>\nas if I didn&#8217;t know<br \/>\nbetween the devil and the deep blue sea<br \/>\nlay the fire down below.<\/p>\n<p>Al sense of caution was abandoned in the moment,<br \/>\nour eagerness to claim the day.<br \/>\nThe dice we rol ed would take us anywhere<br \/>\nand there were no excuses left to stay.<br \/>\nThis was the time, this was the chance to go<br \/>\nand do it in some style.<br \/>\nJust turn your face up to the summer sun<br \/>\nand drive a thousand miles<br \/>\nin an Alfa Berlina.<\/p>\n<p>I saw a wolf high on the mountain pass,<br \/>\nthe stars were tumbling end to end.<br \/>\nI knew I&#8217;d never feel as free as this again.<br \/>\nThe sea below us like a looking-glass,<br \/>\nwe drifted through the hair-pin bends<br \/>\nin the Alfa Berlina.<\/p>\n<p>So very long ago, so far away,<br \/>\nit&#8217;s al time out of mind<br \/>\nbut when I think about the way it was<br \/>\nwe were recklessly alive<br \/>\nin the Alfa Berlina.<\/p>\n<p>In the fullness of time I can look back and say<br \/>\nI first fel on my feet<br \/>\nin the Alfa.<\/p>\n<p><a name=\"3\"><\/a><br \/>\n<strong>ROOM 1210<\/strong><\/p>\n<p>He kept to his own company last night<br \/>\nlay upon the bed,<br \/>\ndrapes and blinds shut tight.<br \/>\nHe booked the wake up cal ,<br \/>\nhis cases were al packed up by the door.<br \/>\nAl ready for it, then:<br \/>\ngoodbye Room 1210.<\/p>\n<p>He&#8217;s taken a view<br \/>\nand squandered a few moments here<br \/>\nbut no time&#8217;s wasted when<br \/>\nhe&#8217;s in Room 1210.<\/p>\n<p>Away from al the brutal noise outside<br \/>\nhe paces out the waiting time,<br \/>\nDelaying at the threshold of the door,<br \/>\nhe&#8217;s never going to go back to the party.<\/p>\n<p>A black and white film<br \/>\ndubbed in a language<br \/>\nhe can&#8217;t understand&#8217;s<br \/>\nbeen on the TV awhile.<br \/>\nThe night rush below,<br \/>\nthe sirens outside come and go &#8211;<br \/>\nno-one can touch him when<br \/>\nhe&#8217;s in Room 1210.<\/p>\n<p>Time and event disappear<br \/>\nbut every wal has ears<br \/>\nand the stories accrue.<br \/>\nDimly, he notes spinning gears<br \/>\nhe&#8217;s one among the ghosts<br \/>\nwhose lives have been spent in<br \/>\nRoom 1210.<\/p>\n<p>A place of safety al his own<br \/>\nnow he&#8217;s not ever going home.<br \/>\nBehind the door<br \/>\nthere&#8217;s just one favour he implores:<br \/>\ndo not disturb him<br \/>\nany more.<\/p>\n<p><a name=\"4\"><\/a><br \/>\n<strong>FOREVER FALLING<\/strong><\/p>\n<p>I reorganised the diary,<br \/>\nI had pencil ed in a window for us to meet,<br \/>\nthough I knew that you&#8217;d be dancing to a different beat<br \/>\nWhen you showed up. I was ready<br \/>\nfor whatever psychodrama you&#8217;d got in store.<br \/>\nYeah, we both knew we&#8217;d have been through this before.<\/p>\n<p>Check the time and motion,<br \/>\nput a stopwatch on the story and don&#8217;t look back<br \/>\nas we lock in to our repetitious act.<br \/>\nYou&#8217;re the eager beaver, keen to make a mark,<br \/>\nI&#8217;m a true believer, whistling in the dark,<br \/>\nbuilding up the fever.<\/p>\n<p>Over and over we go through the motions,<br \/>\nhold on the notion one day it might change.<br \/>\nTry not to show it but we&#8217;re lost in the moment<br \/>\nmeanwhile I try to hold on to the ghost of a chance,<br \/>\nfal ing through my fingers.<\/p>\n<p>Season by season we seek an agreement<br \/>\nbeyond rhyme and reason, however estranged.<br \/>\nMeeting and greeting, our time here is fleeting.<br \/>\nMeanwhile we wheel around in an impression of dance.<br \/>\nFal ing through our fingers,<br \/>\nit&#8217;s al fal ing through our fingers.<\/p>\n<p>What&#8217;d you real y want?<br \/>\nDare you ever say<br \/>\nwhat you real y want?<br \/>\nWatch it slip away&#8230;<\/p>\n<p>And the moral of the story<br \/>\nif there&#8217;s one at al is, surely, to get a grip<br \/>\non what&#8217;s forever fal ing through our fingers,<br \/>\nforever fal ing through our fingertips.<\/p>\n<p>You&#8217;re the eager beaver, keen to make a mark,<br \/>\nI&#8217;m a true believer, whistling in the dark.<br \/>\nWhat a pair of divas! What a pair of bright sparks!<\/p>\n<p><a name=\"5\"><\/a><br \/>\n<strong>(OH NO! I MUST HAVE SAID) YES<\/strong><\/p>\n<p>I don&#8217;t want to talk about the old days any more,<br \/>\nI&#8217;ve set aside al the unsettled scores<br \/>\nbut nonetheless the past stil casts a shadow on me.<\/p>\n<p>I could walk away without a second glance,<br \/>\nthe way things panned out down to random chance<br \/>\nbut nonetheless the logic&#8217;s far beyond me.<\/p>\n<p>Oh no! I guess I must have said yes.<br \/>\nOh no, I must have said yes.<\/p>\n<p>So now I find I&#8217;m in a parlous place,<br \/>\nrepenting at leisure for what I did in haste,<br \/>\nal my past promises are catching up on me.<\/p>\n<p>Oh no, I guess I must have said yes<br \/>\nalthough I&#8217;m inclined to digress<br \/>\nI know I must have said yes.<\/p>\n<p>And if blame&#8217;s attached to anybody<br \/>\nIt&#8217;l be me,<br \/>\nI&#8217;m the one who said that I agree.<br \/>\nI apologise to everybody,<br \/>\nwhat else can I do?<br \/>\nNow I&#8217;l do my best to see it through,<br \/>\nI&#8217;ve got not other option.<\/p>\n<p>No excuses, no stewing in my juices,<br \/>\ndenial is useless, holy cow,<br \/>\nwith precision my everyday decisions<br \/>\nhave led me to be in the here and now.<\/p>\n<p>I&#8217;l be right here and now for what it&#8217;s worth<br \/>\nhoist on my own petard as I am<br \/>\nbut let&#8217;s not talk about the old days<\/p>\n<p>except to say the consequences run,<br \/>\nto be plain, what&#8217;s over isn&#8217;t done<br \/>\nand you thought you were only having fun.<\/p>\n<p>Oh no, I guess I must have said yes<br \/>\nalthough I was under duress<br \/>\nI know I must have said yes.<\/p>\n<p>Though I don&#8217;t know quite what happened to me,<br \/>\nhow the story went,<br \/>\nsomewhere on the way I gave consent.<\/p>\n<p><a name=\"6\"><\/a><br \/>\n<strong>BROUGHT TO BOOK<\/strong><\/p>\n<p>Named, the day and date,<br \/>\npicked, the place and time to meet,<br \/>\nset, the words I uttered in stone.<\/p>\n<p>To right the many wrongs<br \/>\nthat I&#8217;ve done along the way,<br \/>\nnow the bal 's in my own court.<\/p>\n<p>Angels hide in the inglenook.<br \/>\nSaints alive, I&#8217;l be brought to book.<\/p>\n<p>One false move was al it took.<\/p>\n<p>Al the wicked thoughts wil be brought to book.<br \/>\nI&#8217;m not proud of what I did before,<br \/>\nI acknowledge al my actions nonetheless.<br \/>\nUndiminished, the returning score,<br \/>\nI played my part in any sins I now confess&#8230;<\/p>\n<p>Al that&#8217;s done is done<br \/>\nand al that comes along the way<br \/>\nlands up in the lap of the gods.<\/p>\n<p>One false step, one last look,<br \/>\nunder time and tide I&#8217;l be brought to book.<\/p>\n<p>I never thought I&#8217;d get to see this through,<br \/>\nthe cold documented case.<br \/>\nOne by one the arguments fal through,<br \/>\nthe past stares me in the face,<br \/>\nnever thought I&#8217;d see it through.<br \/>\nHere it is, the self-obsession and surrender,<br \/>\nhere it is, it&#8217;s right in front of me,<br \/>\nhere it is, the package gets returned to sender<br \/>\nhere, with interest, it comes back to me.<br \/>\nI never thought I&#8217;d see it through.<\/p>\n<p>Final y wearing history naked on my face<br \/>\nI&#8217;l disclose the truth of what I&#8217;ve done,<br \/>\nreveal the lines I&#8217;ve spun in passing.<br \/>\nI wil face up to the music<br \/>\nand with what breath&#8217;s left in my lungs<br \/>\nI&#8217;l settle up the score and bid farewel to everyone.<\/p>\n<p>Time to square the circle,<br \/>\ntime to dot the \u201ci\u201ds and cross the \u201ct\u201ds,<br \/>\ntime to keep on working<br \/>\nto unspot the hand that did the deeds,<br \/>\nto wash out the wounding,<br \/>\nto effect a final remedy.<br \/>\nIn the last accounting<br \/>\nal the sum of parts in threnody.<\/p>\n<p>I&#8217;m not proud of who I&#8217;ve been before.<br \/>\nI&#8217;ve no pride in what I&#8217;ve done before.<br \/>\nTime alone holds what&#8217;s in store.<\/p>\n<p>I&#8217;m gathered in by hook or by crook;<br \/>\nal in due course I&#8217;l be brought to book.<\/p>\n<p><a name=\"7\"><\/a><br \/>\n<strong>ALMOST THE WORDS<\/strong><\/p>\n<p>These are almost the words<br \/>\nI intended to say,<br \/>\nthis so nearly makes sense.<br \/>\nAlthough the cut&#8217;s too close for comfort<br \/>\nlanguage goes eventual y astray.<\/p>\n<p>There goes the neighbourhood<br \/>\nunder the flood<br \/>\nand comprehension&#8217;s culled and clustered<br \/>\nround the sudden onrush of hot blood.<\/p>\n<p>And in imprecision<br \/>\nwe are al lost for words.<\/p>\n<p>Al lost, alas, alack,<br \/>\nal points alarm,<br \/>\nsounding out the sweet sargasso<br \/>\nsea of language we are al becalmed.<\/p>\n<p>So close, almost the words<br \/>\nbut nearly isn&#8217;t clear and drains our<br \/>\nunderstanding of the overheard.<\/p>\n<p>In incomprehension<br \/>\nwe are al lost for words,<br \/>\nal at last lost,<br \/>\nwe are al lost for words.<\/p>\n<p>At last you come round to believe what you heard<br \/>\nas circumstance found you lost for words.<br \/>\nThe secret&#8217;s unspoken, the sense is absurd,<br \/>\nthe safety net&#8217;s broken, lost for words.<\/p>\n<p><a name=\"8\"><\/a><br \/>\n<strong>GO<\/strong><\/p>\n<p>There&#8217;s the thing, hold it close.<br \/>\nYou had your fling. you laid your ghosts.<\/p>\n<p>Time to leave, close the door.<br \/>\nYou can&#8217;t believe you wanted more,<br \/>\nmore or less, al for the best<br \/>\nin the end it&#8217;s al behind you.<\/p>\n<p>There&#8217;s the thing, for al you know<br \/>\nit&#8217;s time to let go.<\/p>\n<p><a href=\"#1\"><img decoding=\"async\" src=\"http:\/\/vdgg.art.pl\/portal\/wp-content\/uploads\/2013\/04\/do-g\u00f3ry.png\" alt=\"Przewi\u0144 stron\u0119 do g\u00f3ry\" width=\"127\" height=\"51\" class=\"alignleft size-full wp-image-1372\" \/><\/a><\/p>\n","protected":false},"excerpt":{"rendered":"<p>ALOFT Whispers of a wind to lift you off the ground, the breath of air that&#8217;l take you where it wil , this flight of fancy carries you until you know for sure there&#8217;s no going back to where you &hellip; <a href=\"https:\/\/vdgg.art.pl\/portal\/teksty\/teksty-oryginalne\/teksty-vdgg\/12-do-not-disturb\/\">Czytaj dalej <span class=\"meta-nav\">&rarr;<\/span><\/a><\/p>\n","protected":false},"author":1,"featured_media":659,"parent":517,"menu_order":12,"comment_status":"closed","ping_status":"closed","template":"sidebar-page.php","meta":{"_sitemap_exclude":false,"_sitemap_priority":"","_sitemap_frequency":"","footnotes":""},"class_list":["post-1686","page","type-page","status-publish","has-post-thumbnail","hentry"],"_links":{"self":[{"href":"https:\/\/vdgg.art.pl\/portal\/wp-json\/wp\/v2\/pages\/1686","targetHints":{"allow":["GET"]}}],"collection":[{"href":"https:\/\/vdgg.art.pl\/portal\/wp-json\/wp\/v2\/pages"}],"about":[{"href":"https:\/\/vdgg.art.pl\/portal\/wp-json\/wp\/v2\/types\/page"}],"author":[{"embeddable":true,"href":"https:\/\/vdgg.art.pl\/portal\/wp-json\/wp\/v2\/users\/1"}],"replies":[{"embeddable":true,"href":"https:\/\/vdgg.art.pl\/portal\/wp-json\/wp\/v2\/comments?post=1686"}],"version-history":[{"count":8,"href":"https:\/\/vdgg.art.pl\/portal\/wp-json\/wp\/v2\/pages\/1686\/revisions"}],"predecessor-version":[{"id":1696,"href":"https:\/\/vdgg.art.pl\/portal\/wp-json\/wp\/v2\/pages\/1686\/revisions\/1696"}],"up":[{"embeddable":true,"href":"https:\/\/vdgg.art.pl\/portal\/wp-json\/wp\/v2\/pages\/517"}],"wp:featuredmedia":[{"embeddable":true,"href":"https:\/\/vdgg.art.pl\/portal\/wp-json\/wp\/v2\/media\/659"}],"wp:attachment":[{"href":"https:\/\/vdgg.art.pl\/portal\/wp-json\/wp\/v2\/media?parent=1686"}],"curies":[{"name":"wp","href":"https:\/\/api.w.org\/{rel}","templated":true}]}}