{"id":1442,"date":"2013-05-06T23:03:33","date_gmt":"2013-05-06T21:03:33","guid":{"rendered":"http:\/\/vdgg.art.pl\/portal\/?page_id=1442"},"modified":"2013-05-07T03:25:38","modified_gmt":"2013-05-07T01:25:38","slug":"koncerty-power-trio-2007-2012","status":"publish","type":"page","link":"https:\/\/vdgg.art.pl\/portal\/statystyki\/koncerty-power-trio-2007-2012\/","title":{"rendered":"Koncerty Power Trio 2007-2012"},"content":{"rendered":"<p><strong>Liczba koncert\u00f3w:<\/strong><br \/>\n<a name=\"1\"><\/a><br \/>\n<strong>2007 (17)<\/strong><br \/>\n1 kwietnia &#8211; Nurnburg, Hirsch, Niemcy<br \/>\n2 kwietnia &#8211; Aschaffenburg, Colos-Saal, Niemcy<br \/>\n3 kwietnia &#8211; Stuttgart, Theaterhaus, Niemcy<br \/>\n4 kwietnia &#8211; Hamburg, Fabrik, Niemcy<br \/>\n5 kwietnia &#8211; Essen, Weststadthalle, Niemcy<br \/>\n8 kwietnia &#8211; Cambridge, Junction, Anglia<br \/>\n10 kwietnia &#8211; Wolverhampton, Wulfrun Hall, Anglia<br \/>\n11 kwietnia &#8211; Liverpool, Philharmonic, Anglia<br \/>\n12 kwietnia &#8211; Leicester, De Montfort Hall, Anglia<br \/>\n14 kwietnia &#8211; Amsterdam, Paradiso, Holandia<br \/>\n15 kwietnia &#8211; Limbourg, Kursaal, Belgia<br \/>\n16 kwietnia &#8211; London, Barbican, Anglia<br \/>\n21 kwietnia &#8211; Bydgoszcz, Filharmonia Pomorska, Polska<br \/>\n22 kwietnia &#8211; Krak\u00f3w, Klub Studio, Polska<br \/>\n20 lipca &#8211; Burg Herzberg Festival, Niemcy<br \/>\n22 lipca &#8211; Umbertide, Rockin&#8217;Umbria, W\u0142ochy<br \/>\n26 lipca &#8211; San Sebastian, Donostia-San Sebastian Jazz Festival, Hiszpania<\/p>\n<p><strong>2008 (11)<\/strong><br \/>\n27 marca &#8211; Royal Northern College of Music, Manchester, Anglia<br \/>\n29 marca &#8211; Teatro E. Solvay, Rosignano Marittimo, W\u0142ochy<br \/>\n31 marca &#8211; Melkweg, Amsterdam, Holandia<br \/>\n2 kwietnia &#8211; Wulfrun Hall, Wolverhampton, Anglia<br \/>\n3 kwietnia &#8211; Queen Elizabeth Hall, London, Anglia<br \/>\n6 kwietnia &#8211; Gouveia Festival, Gouveia, Portugalia<br \/>\n20 kwietnia &#8211; B1 Club, Moscow, Rosja<br \/>\n27 czerwca &#8211; O-West, Shibuya, Tokyo, Japonia<br \/>\n28 czerwca &#8211; O-West, Shibuya, Tokyo, Japonia<br \/>\n29 czerwca &#8211; O-West, Shibuya, Tokyo, Japonia<br \/>\n30 czerwca &#8211; Harajuku, Astrohall, Tokyo, Japonia<\/p>\n<p><strong>2009 (22)<\/strong><br \/>\n21 stycznia &#8211; Budapest, Palace of Arts, W\u0119gry<br \/>\n22 stycznia &#8211; Prague, Palac Acropolis, Czechy<br \/>\n23 stycznia &#8211; Aschaffenburg, Colos-Saal, Niemcy<br \/>\n26 stycznia &#8211; Malaga, Tearto Cervantes, Hiszpania<br \/>\n19 czerwca &#8211; Bethlehem, PA, NEARfest, USA<br \/>\n21 czerwca &#8211; New York City, NY, Nokia Theatre, USA<br \/>\n23 czerwca &#8211; Arlington (Boston), MA, Regent Theatre, USA<br \/>\n24 czerwca &#8211; Falls Church (Washington), VA, The State Theatre, USA<br \/>\n25 czerwca &#8211; Cleveland, OH, Beachland Ballroom, USA<br \/>\n26 czerwca &#8211; Chicago, IL, The Abbey Pub, USA<br \/>\n27 czerwca &#8211; Milwaukee, WI, Shank Hall, USA<br \/>\n29 czerwca &#8211; Buffalo, NY, The Tralf Music Hall, USA<br \/>\n30 czerwca &#8211; Pittsburgh, PA, Rex Theatre, USA<br \/>\n1 lipca &#8211; Annapolis, MD, Rams Head Tavern, USA<br \/>\n4 lipca &#8211; Toronto, The Opera House, Kanada<br \/>\n5 lipca &#8211; Hamilton, The Studio at Hamilton Place, Kanada<br \/>\n8 lipca &#8211; Ottawa, Bluesfest, Kanada<br \/>\n9 lipca &#8211; Montreal, Theatre Maisonneuve, Kanada<br \/>\n10 lipca &#8211; Quebec City, Quebec City Summer Festival, Kanada<br \/>\n29 lipca &#8211; Guastalla, Piazza Mazzini, W\u0142ochy<br \/>\n31 lipca &#8211; Sardinia, Cagliari, Sestu, Piazza 1 Maggio , W\u0142ochy<br \/>\n2 sierpnia &#8211; Trieste, Piazza Unita d&#8217;Italia, Trieste Summer Rock Festival, W\u0142ochy<\/p>\n<p><strong>2010 (1)<\/strong><br \/>\n18 grudnia &#8211; London, The Metropolis Studios, Chiswick, Anglia<\/p>\n<p><strong>2011 (13)<\/strong><br \/>\n24 marca &#8211; Leamington Spa, The Assembly, Anglia<br \/>\n25 marca &#8211; Glasgow, ABC, Szkocja<br \/>\n26 marca &#8211; Manchester, Academy 3, Anglia<br \/>\n27 marca &#8211; London, Barbican, Anglia<br \/>\n28 marca &#8211; Cambridge, Junction, Anglia<br \/>\n30 marca &#8211; Utrecht, Tivoli, Holandia<br \/>\n31 marca &#8211; Berlin, Columbia Club, Niemcy<br \/>\n01 kwietnia &#8211; Hamburg, Fabrik, Niemcy<br \/>\n02 kwietnia &#8211; Prague, Akropolis, Czechy<br \/>\n04 kwietnia &#8211; Rome, Auditorium Parco della Musica, W\u0142ochy<br \/>\n07 kwietnia &#8211; Milano, Conservatorio, W\u0142ochy<br \/>\n08 kwietnia &#8211; Vicenza, Teatro Comunale, W\u0142ochy<br \/>\n09 kwietnia &#8211; Cesena, Teatro Carisport, W\u0142ochy<\/p>\n<p><strong>2012 (11)<\/strong><br \/>\n22 czerwca &#8211; Bethlehem, PA, NearFest, USA<br \/>\n23 czerwca &#8211; Sellersville, PA, Sellersville, USA<br \/>\n24 czerwca &#8211; Annapolis, MD, Ram&#8217;s Head, USA<br \/>\n27 czerwca &#8211; Washington, DC, Howard Theater, USA<br \/>\n28 czerwca &#8211; Arlington (Boston), MA, The Regent Theater, USA<br \/>\n29 czerwca &#8211; Buffalo, NY, Tralf Music Hall, USA<br \/>\n30 czerwca &#8211; New York, NYC, The Concert Hall, NY Society for Ethical Culture, USA<br \/>\n2 lipca &#8211; Quebec, Palais Montcalm, Kanada<br \/>\n3 lipca &#8211; Montreal Jazz Festival, Theater Maisonneuve, Kanada<br \/>\n23 sierpnia &#8211; Kawasaki, Club Citta, Japonia<br \/>\n25 sierpnia &#8211; Tokyo, Hibiya Open Air Theatre, Japonia<\/p>\n<p><strong>W ci\u0105gu 6 lat Van Der Graaf Generator zagra\u0142 75 koncert\u00f3w na 3 kontynentach:<\/strong><br \/>\nEuropa \u2013 45,<br \/>\nAmeryka P\u00f3\u0142nocna \u2013 24,<br \/>\nAzja \u2013 6.<br \/>\n<strong><\/strong><\/p>\n<p>Ilo\u015b\u0107 koncert\u00f3w w poszczeg\u00f3lnych krajach:<br \/>\nUSA &#8211; 17<br \/>\nAnglia &#8211; 13<br \/>\nNiemcy &#8211; 9<br \/>\nW\u0142ochy &#8211; 9<br \/>\nKanada &#8211; 7<br \/>\nJaponia &#8211; 6<br \/>\nHolandia &#8211; 3<br \/>\nHiszpania &#8211; 2<br \/>\nPolska &#8211; 2<br \/>\nCzechy &#8211; 2<br \/>\nBelgia &#8211; 1<br \/>\nPortugalia &#8211; 1<br \/>\nRosja &#8211; 1<br \/>\nSzkocja &#8211; 1<br \/>\nW\u0119gry &#8211; 1.<\/p>\n<p><strong>Najcz\u0119stsze miasta odwiedzane przez VDGG:<\/strong><br \/>\nTokio &#8211; 5 razy<br \/>\nLondyn &#8211; 3<br \/>\nAmsterdam &#8211; 2<br \/>\nWolverhampton &#8211; 2<br \/>\nManchester &#8211; 2<br \/>\nCambridge &#8211; 2<br \/>\nAschaffenburg &#8211; 2<br \/>\nHamburg &#8211; 2<br \/>\nPraga &#8211; 2<br \/>\nQuebec &#8211; 2<br \/>\nMontreal &#8211; 2<\/p>\n<p><strong>Najwi\u0119cej piosenek:<\/strong> 13 \u2013 Manchester 26.03.2011.<\/p>\n<p><strong>Najmniej piosenek:<\/strong> 5 \u2013 Tokio 25.08.2012.<\/p>\n<p><strong>Alfabetyczny wykaz piosenek granych przez VDGG:<\/strong><br \/>\n1. All Over The Place<br \/>\n2. All That Before<br \/>\n3. (In the) Black Room<br \/>\n4. Bunsho<br \/>\n5. Childlike Faith in Childhood&#8217;s End<br \/>\n6. Every Bloody Emperor<br \/>\n7. Flight<br \/>\n8. Gog<br \/>\n9. Interference Patterns<br \/>\n10. La Rossa<br \/>\n11. Lemmings<br \/>\n12. Lifetime<br \/>\n13. Man-Erg<br \/>\n14. Masks<br \/>\n15. Mathematics<br \/>\n16. Meurglys III<br \/>\n17. Mr Sands<br \/>\n18. (We Are) Not Here<br \/>\n19. Nutter Alert<br \/>\n20. Over The Hill<br \/>\n21. A Place To Survive<br \/>\n22. Refugees<br \/>\n23. Scorched Earth<br \/>\n24. The Sleepwalkers<br \/>\n25. Still Life<br \/>\n26. Undercover Man<br \/>\n27. When She Comes<br \/>\n28. Wondering<br \/>\n29. Your Time Starts Now<\/p>\n<p><strong>Ilo\u015b\u0107 wykona\u0144:<\/strong><br \/>\n1. Lemmings &#8211; 65 razy<br \/>\n2. Man-Erg &#8211; 62<br \/>\n3. All That Before &#8211; 61<br \/>\n4. Over the Hill &#8211; 55<br \/>\n5. Interference Patterns &#8211; 53<br \/>\n6. Lifetime &#8211; 51<br \/>\n7. Scorched Earth &#8211; 43<br \/>\n8. The Sleepwalkers &#8211; 43<br \/>\n9. Meurglys III &#8211; 42<br \/>\n10. Childlike Faith in Childhood&#8217;s End &#8211; 37<br \/>\n11. (We Are) Not Here &#8211; 35<br \/>\n12. Nutter Alert &#8211; 31<br \/>\n13. Still Life &#8211; 29<br \/>\n14. Bunsho &#8211; 25<br \/>\n15. (In the) Black Room &#8211; 24<br \/>\n16. Your Time Starts Now &#8211; 24<br \/>\n17. Mr Sands &#8211; 20<br \/>\n18. La Rossa &#8211; 18<br \/>\n19. Every Bloody Emperor &#8211; 16<br \/>\n20. Gog &#8211; 15<br \/>\n21. All Over The Place &#8211; 13<br \/>\n22. Flight &#8211; 10<br \/>\n23. The Undercover Man &#8211; 6<br \/>\n24. Masks &#8211; 5<br \/>\n25. A Place To Survive &#8211; 5<br \/>\n26. Refugees &#8211; 4<br \/>\n27. Mathematics &#8211; 2<br \/>\n28. When She Comes &#8211; 1<br \/>\n29. Wondering &#8211; 1<\/p>\n<p><strong><br \/>\nPoszczeg\u00f3lne p\u0142yty by\u0142y reprezentowane przez:<\/strong><br \/>\n&#8222;The Least We Can Do is Wave to Each Other&#8221; (1970) &#8211; 1 (Refugees)<br \/>\n&#8222;Pawn Hearts&#8221; (1971) &#8211; 2 (Man-Erg, Lemmings)<br \/>\n&#8222;Godbluff&#8221; (1975) &#8211; 3 (The Sleepwalkers, Scorched Earth, The Undercover Man)<br \/>\n&#8222;Still Life&#8221; (1975) &#8211; 3 (Still Life, Childlike Faith in Childhood&#8217;s End, La Rossa)<br \/>\n&#8222;World Record&#8221; (1976) &#8211; 5 (Wondering, When She Comes, Masks, A Place To Survive, Meurglys III )<br \/>\n&#8222;Present&#8221; (2005) &#8211; 2 (Nutter Alert, Every Bloody Emperor)<br \/>\n&#8222;Trisector&#8221; (2008) &#8211; 5 (&#8222;Lifetime&#8221;, &#8222;All That Before&#8221;, &#8222;Over The Hill&#8221;, &#8222;(We are) Not Here&#8221;, &#8222;Interference Patterns&#8221;)<br \/>\n&#8222;A Grounding In Numbers&#8221; (2011) &#8211; 5 (&#8222;Bunsho&#8221;, &#8222;Your Time Starts Now&#8221;, &#8222;All Over The Place&#8221;, &#8222;Mathematics&#8221;, &#8222;Mr Sands&#8221;).<\/p>\n<p><strong>Utwory z solowych p\u0142yt Petera Hammilla:<\/strong><br \/>\n&#8222;Chameleon In The Shadow Of The Night&#8221; (1972) &#8211; (In The) Black Room<br \/>\n&#8222;In Camera&#8221; (1974) &#8211; Gog<br \/>\n&#8222;Black Box&#8221; (1980) &#8211; Flight.<\/p>\n<p><strong>Koncert najcz\u0119\u015bciej rozpoczynano od:<\/strong><br \/>\nInterference Patterns &#8211; 52 (w latach 2008-2012 na 58 koncert\u00f3w 52 zaczyna\u0142a si\u0119 od tego utworu)<br \/>\nLemmings &#8211; 9<br \/>\nChildlike Faith in Childhood&#8217;s End &#8211; 4<br \/>\nMasks &#8211; 4<br \/>\nScorched Earth &#8211; 4<br \/>\nMeurglys III, The Songwriter&#8217;s Guild<br \/>\nWhen She Comes<\/p>\n<p><strong>Najcz\u0119stsze bisy:<\/strong><br \/>\nNutter Alert &#8211; 21<br \/>\nStill Life &#8211; 19<br \/>\nScorched Earth &#8211; 7<br \/>\nSleepwalkers &#8211; 6<br \/>\nLa Rossa &#8211; 4<br \/>\nRefugees &#8211; 4<br \/>\nChildlike Faith in Childhood&#8217;s End &#8211; 3<br \/>\nLemmings &#8211; 2<br \/>\nMr Sands &#8211; 2<br \/>\nMan-Erg<br \/>\nMasks (1 kwietnia 2007 sko\u0144czyli koncert tym utworem, a nast\u0119pny koncert 2 kwietnia 2007 od niego zacz\u0119li)<br \/>\n(We Are) Not Here<\/p>\n<p><strong>Koncerty bez bisu:<\/strong><br \/>\n20 lipca 2007 &#8211; Burg Herzberg Festival<br \/>\n8 lipca 2009 &#8211; Ottawa Bluesfest<br \/>\n18 grudnia 2010 &#8211; Metropolis Studios, Chiswick, London<br \/>\n25 sierpnia 2012 &#8211; Tokio.<\/p>\n<p>Opracowa\u0142: <em>ceizurac<\/em><\/p>\n<p><a href=\"#1\"><img decoding=\"async\" class=\"alignleft size-full wp-image-1372\" alt=\"Przewi\u0144 stron\u0119 do g\u00f3ry\" src=\"http:\/\/vdgg.art.pl\/portal\/wp-content\/uploads\/2013\/04\/do-g\u00f3ry.png\" width=\"127\" height=\"51\" \/><\/a><\/p>\n","protected":false},"excerpt":{"rendered":"<p>Liczba koncert\u00f3w: 2007 (17) 1 kwietnia &#8211; Nurnburg, Hirsch, Niemcy 2 kwietnia &#8211; Aschaffenburg, Colos-Saal, Niemcy 3 kwietnia &#8211; Stuttgart, Theaterhaus, Niemcy 4 kwietnia &#8211; Hamburg, Fabrik, Niemcy 5 kwietnia &#8211; Essen, Weststadthalle, Niemcy 8 kwietnia &#8211; Cambridge, Junction, Anglia &hellip; <a href=\"https:\/\/vdgg.art.pl\/portal\/statystyki\/koncerty-power-trio-2007-2012\/\">Czytaj dalej <span class=\"meta-nav\">&rarr;<\/span><\/a><\/p>\n","protected":false},"author":1,"featured_media":0,"parent":1254,"menu_order":0,"comment_status":"closed","ping_status":"closed","template":"sidebar-page.php","meta":{"_sitemap_exclude":false,"_sitemap_priority":"","_sitemap_frequency":"","footnotes":""},"class_list":["post-1442","page","type-page","status-publish","hentry"],"_links":{"self":[{"href":"https:\/\/vdgg.art.pl\/portal\/wp-json\/wp\/v2\/pages\/1442","targetHints":{"allow":["GET"]}}],"collection":[{"href":"https:\/\/vdgg.art.pl\/portal\/wp-json\/wp\/v2\/pages"}],"about":[{"href":"https:\/\/vdgg.art.pl\/portal\/wp-json\/wp\/v2\/types\/page"}],"author":[{"embeddable":true,"href":"https:\/\/vdgg.art.pl\/portal\/wp-json\/wp\/v2\/users\/1"}],"replies":[{"embeddable":true,"href":"https:\/\/vdgg.art.pl\/portal\/wp-json\/wp\/v2\/comments?post=1442"}],"version-history":[{"count":5,"href":"https:\/\/vdgg.art.pl\/portal\/wp-json\/wp\/v2\/pages\/1442\/revisions"}],"predecessor-version":[{"id":1443,"href":"https:\/\/vdgg.art.pl\/portal\/wp-json\/wp\/v2\/pages\/1442\/revisions\/1443"}],"up":[{"embeddable":true,"href":"https:\/\/vdgg.art.pl\/portal\/wp-json\/wp\/v2\/pages\/1254"}],"wp:attachment":[{"href":"https:\/\/vdgg.art.pl\/portal\/wp-json\/wp\/v2\/media?parent=1442"}],"curies":[{"name":"wp","href":"https:\/\/api.w.org\/{rel}","templated":true}]}}